{"id":928,"date":"2018-01-05T10:58:56","date_gmt":"2018-01-05T09:58:56","guid":{"rendered":"https:\/\/gdocumentm.com\/visa-pour-linde\/"},"modified":"2018-01-05T10:58:56","modified_gmt":"2018-01-05T09:58:56","slug":"visa-pour-linde","status":"publish","type":"page","link":"https:\/\/gdocumentm.com\/fr\/visa-pour-linde\/","title":{"rendered":"Visa pour l&rsquo;Inde"},"content":{"rendered":"<p>Si vous \u00eates citoyen espagnol et que votre prochaine destination est l&rsquo;Inde, nous vous recommandons de <a href=\"https:\/\/gestoriaemadrid.com\/?view=article&amp;id=1039:visado-la-india&amp;catid=132\" target=\"_blank\" rel=\"noopener\">lire cet article<\/a> o\u00f9 vous pourrez obtenir les informations n\u00e9cessaires sur tous les documents et indications n\u00e9cessaires pour voyager dans ce pays.<\/p>\n","protected":false},"excerpt":{"rendered":"<p>Si vous \u00eates citoyen espagnol et que votre prochaine destination est l&rsquo;Inde, nous vous recommandons de lire cet article o\u00f9 vous pourrez obtenir les informations n\u00e9cessaires sur tous les documents et indications n\u00e9cessaires pour voyager dans ce pays.<\/p>\n","protected":false},"author":3,"featured_media":0,"parent":0,"menu_order":11,"comment_status":"closed","ping_status":"closed","template":"","meta":{"site-sidebar-layout":"default","site-content-layout":"","ast-site-content-layout":"","site-content-style":"default","site-sidebar-style":"default","ast-global-header-display":"","ast-banner-title-visibility":"","ast-main-header-display":"","ast-hfb-above-header-display":"","ast-hfb-below-header-display":"","ast-hfb-mobile-header-display":"","site-post-title":"","ast-breadcrumbs-content":"","ast-featured-img":"","footer-sml-layout":"","theme-transparent-header-meta":"default","adv-header-id-meta":"","stick-header-meta":"default","header-above-stick-meta":"","header-main-stick-meta":"","header-below-stick-meta":"","astra-migrate-meta-layouts":"","ast-page-background-enabled":"default","ast-page-background-meta":{"desktop":{"background-color":"var(--ast-global-color-4)","background-image":"","background-repeat":"repeat","background-position":"center center","background-size":"auto","background-attachment":"scroll","background-type":"","background-media":"","overlay-type":"","overlay-color":"","overlay-gradient":""},"tablet":{"background-color":"","background-image":"","background-repeat":"repeat","background-position":"center center","background-size":"auto","background-attachment":"scroll","background-type":"","background-media":"","overlay-type":"","overlay-color":"","overlay-gradient":""},"mobile":{"background-color":"","background-image":"","background-repeat":"repeat","background-position":"center center","background-size":"auto","background-attachment":"scroll","background-type":"","background-media":"","overlay-type":"","overlay-color":"","overlay-gradient":""}},"ast-content-background-meta":{"desktop":{"background-color":"var(--ast-global-color-5)","background-image":"","background-repeat":"repeat","background-position":"center center","background-size":"auto","background-attachment":"scroll","background-type":"","background-media":"","overlay-type":"","overlay-color":"","overlay-gradient":""},"tablet":{"background-color":"var(--ast-global-color-5)","background-image":"","background-repeat":"repeat","background-position":"center center","background-size":"auto","background-attachment":"scroll","background-type":"","background-media":"","overlay-type":"","overlay-color":"","overlay-gradient":""},"mobile":{"background-color":"var(--ast-global-color-5)","background-image":"","background-repeat":"repeat","background-position":"center center","background-size":"auto","background-attachment":"scroll","background-type":"","background-media":"","overlay-type":"","overlay-color":"","overlay-gradient":""}},"footnotes":""},"class_list":["post-928","page","type-page","status-publish","hentry"],"_links":{"self":[{"href":"https:\/\/gdocumentm.com\/fr\/wp-json\/wp\/v2\/pages\/928","targetHints":{"allow":["GET"]}}],"collection":[{"href":"https:\/\/gdocumentm.com\/fr\/wp-json\/wp\/v2\/pages"}],"about":[{"href":"https:\/\/gdocumentm.com\/fr\/wp-json\/wp\/v2\/types\/page"}],"author":[{"embeddable":true,"href":"https:\/\/gdocumentm.com\/fr\/wp-json\/wp\/v2\/users\/3"}],"replies":[{"embeddable":true,"href":"https:\/\/gdocumentm.com\/fr\/wp-json\/wp\/v2\/comments?post=928"}],"version-history":[{"count":0,"href":"https:\/\/gdocumentm.com\/fr\/wp-json\/wp\/v2\/pages\/928\/revisions"}],"wp:attachment":[{"href":"https:\/\/gdocumentm.com\/fr\/wp-json\/wp\/v2\/media?parent=928"}],"curies":[{"name":"wp","href":"https:\/\/api.w.org\/{rel}","templated":true}]}}