{"id":836,"date":"2014-09-19T00:30:35","date_gmt":"2014-09-18T22:30:35","guid":{"rendered":"https:\/\/gdocumentm.com\/qui-sommes-nous\/"},"modified":"2014-09-19T00:30:35","modified_gmt":"2014-09-18T22:30:35","slug":"qui-sommes-nous","status":"publish","type":"page","link":"https:\/\/gdocumentm.com\/fr\/qui-sommes-nous\/","title":{"rendered":"Qui sommes-nous ?"},"content":{"rendered":"<p><strong>GLOBAL DOCUMENT MANAGER<\/strong> appartient \u00e0 eMadrid Management. Nous sommes une agence reconnue pour sa qualit\u00e9 et son professionnalisme dans le conseil et l&rsquo;ex\u00e9cution des proc\u00e9dures pour les particuliers et les entreprises dans toute l&rsquo;Espagne. Nous sommes situ\u00e9s dans la ville de Madrid et avons plus de 10 ans d&rsquo;exp\u00e9rience dans le traitement de tous types de dossiers dans les diff\u00e9rents organismes et administrations. Notre exp\u00e9rience est notre garantie, nous couvrons les besoins de nos clients avec un service hautement personnalis\u00e9. Le fonctionnement de notre agence est d\u00fb aux efforts d&rsquo;une \u00e9quipe qualifi\u00e9e de professionnels qui travaillent avec nous et qui, sans aucun doute, constituent notre principal atout. Nous sommes au fait des nouvelles technologies de l&rsquo;information et, gr\u00e2ce aux techniques informatiques modernes, nous offrons la r\u00e9ponse la plus efficace aux probl\u00e8mes globaux des entreprises et des particuliers.<\/p>\n<p>Nos clients sont principalement des entreprises individuelles, des professionnels, des soci\u00e9t\u00e9s de personnes et des associations qui utilisent r\u00e9guli\u00e8rement tout ou partie des services fournis par le cabinet. Nous voulons que vous nous fassiez confiance chaque fois que vous avez besoin de l&rsquo;un des services que nous proposons, car nous vous assurons non seulement un bon r\u00e9sultat pour chacun d&rsquo;entre eux, mais aussi un traitement de qualit\u00e9 pour chacune de vos proc\u00e9dures.<\/p>\n","protected":false},"excerpt":{"rendered":"<p>GLOBAL DOCUMENT MANAGER appartient \u00e0 eMadrid Management. Nous sommes une agence reconnue pour sa qualit\u00e9 et son professionnalisme dans le conseil et l&rsquo;ex\u00e9cution des proc\u00e9dures pour les particuliers et les entreprises dans toute l&rsquo;Espagne. Nous sommes situ\u00e9s dans la ville de Madrid et avons plus de 10 ans d&rsquo;exp\u00e9rience dans le traitement de tous types &hellip;<\/p>\n<p class=\"read-more\"> <a class=\"ast-button\" href=\"https:\/\/gdocumentm.com\/fr\/qui-sommes-nous\/\"> <span class=\"screen-reader-text\">Qui sommes-nous ?<\/span> Lire la suite \u00bb<\/a><\/p>\n","protected":false},"author":3,"featured_media":0,"parent":0,"menu_order":33,"comment_status":"closed","ping_status":"closed","template":"","meta":{"site-sidebar-layout":"default","site-content-layout":"","ast-site-content-layout":"","site-content-style":"default","site-sidebar-style":"default","ast-global-header-display":"","ast-banner-title-visibility":"","ast-main-header-display":"","ast-hfb-above-header-display":"","ast-hfb-below-header-display":"","ast-hfb-mobile-header-display":"","site-post-title":"","ast-breadcrumbs-content":"","ast-featured-img":"","footer-sml-layout":"","theme-transparent-header-meta":"default","adv-header-id-meta":"","stick-header-meta":"default","header-above-stick-meta":"","header-main-stick-meta":"","header-below-stick-meta":"","astra-migrate-meta-layouts":"","ast-page-background-enabled":"default","ast-page-background-meta":{"desktop":{"background-color":"var(--ast-global-color-4)","background-image":"","background-repeat":"repeat","background-position":"center center","background-size":"auto","background-attachment":"scroll","background-type":"","background-media":"","overlay-type":"","overlay-color":"","overlay-gradient":""},"tablet":{"background-color":"","background-image":"","background-repeat":"repeat","background-position":"center center","background-size":"auto","background-attachment":"scroll","background-type":"","background-media":"","overlay-type":"","overlay-color":"","overlay-gradient":""},"mobile":{"background-color":"","background-image":"","background-repeat":"repeat","background-position":"center center","background-size":"auto","background-attachment":"scroll","background-type":"","background-media":"","overlay-type":"","overlay-color":"","overlay-gradient":""}},"ast-content-background-meta":{"desktop":{"background-color":"var(--ast-global-color-5)","background-image":"","background-repeat":"repeat","background-position":"center center","background-size":"auto","background-attachment":"scroll","background-type":"","background-media":"","overlay-type":"","overlay-color":"","overlay-gradient":""},"tablet":{"background-color":"var(--ast-global-color-5)","background-image":"","background-repeat":"repeat","background-position":"center center","background-size":"auto","background-attachment":"scroll","background-type":"","background-media":"","overlay-type":"","overlay-color":"","overlay-gradient":""},"mobile":{"background-color":"var(--ast-global-color-5)","background-image":"","background-repeat":"repeat","background-position":"center center","background-size":"auto","background-attachment":"scroll","background-type":"","background-media":"","overlay-type":"","overlay-color":"","overlay-gradient":""}},"footnotes":""},"class_list":["post-836","page","type-page","status-publish","hentry"],"_links":{"self":[{"href":"https:\/\/gdocumentm.com\/fr\/wp-json\/wp\/v2\/pages\/836","targetHints":{"allow":["GET"]}}],"collection":[{"href":"https:\/\/gdocumentm.com\/fr\/wp-json\/wp\/v2\/pages"}],"about":[{"href":"https:\/\/gdocumentm.com\/fr\/wp-json\/wp\/v2\/types\/page"}],"author":[{"embeddable":true,"href":"https:\/\/gdocumentm.com\/fr\/wp-json\/wp\/v2\/users\/3"}],"replies":[{"embeddable":true,"href":"https:\/\/gdocumentm.com\/fr\/wp-json\/wp\/v2\/comments?post=836"}],"version-history":[{"count":0,"href":"https:\/\/gdocumentm.com\/fr\/wp-json\/wp\/v2\/pages\/836\/revisions"}],"wp:attachment":[{"href":"https:\/\/gdocumentm.com\/fr\/wp-json\/wp\/v2\/media?parent=836"}],"curies":[{"name":"wp","href":"https:\/\/api.w.org\/{rel}","templated":true}]}}