{"id":825,"date":"2023-10-24T17:47:25","date_gmt":"2023-10-24T15:47:25","guid":{"rendered":"https:\/\/gdocumentm.com\/legalisation-des-documents\/"},"modified":"2023-10-24T17:47:25","modified_gmt":"2023-10-24T15:47:25","slug":"legalisation-des-documents","status":"publish","type":"page","link":"https:\/\/gdocumentm.com\/fr\/legalisation-des-documents\/","title":{"rendered":"L\u00e9galisation des documents"},"content":{"rendered":"<p><img fetchpriority=\"high\" decoding=\"async\" class=\"alignnone wp-image-730\" src=\"https:\/\/gdocumentm.com\/wp-content\/uploads\/2023\/11\/laptop-3196481_640-300x200.jpg\" alt=\"\" width=\"420\" height=\"280\"><\/p>\n<p>Si vous souhaitez<strong> l\u00e9galiser des documents<\/strong> provenant d&rsquo;un pays \u00e9tranger en vue de leur utilisation en Espagne, vous devez suivre les \u00e9tapes ci-dessous, en gardant \u00e0 l&rsquo;esprit que dans certains cas, une l\u00e9galisation pr\u00e9alable par d&rsquo;autres organismes officiels est n\u00e9cessaire.<\/p>\n<p>Il convient de noter que certains pays n&rsquo;appartiennent pas au groupe de la Convention de <a href=\"https:\/\/solicitarcertificado.com\/blog\/item\/95-legalizacion-unica-o-apostilla-de-la-haya\" target=\"_blank\" rel=\"alternate noopener\">La Haye sur l&rsquo;apostille<\/a>.<\/p>\n<ol>\n<li>Veuillez nous contacter en utilisant le formulaire de contact, nous r\u00e9pondons rapidement aux messages.<\/li>\n<\/ol>\n<p>Vous pouvez nous interroger sur les d\u00e9lais d&rsquo;obtention de certains documents.<\/p>\n<p>Nous aurons besoin du titulaire et de ses coordonn\u00e9es.<\/p>\n<ol start=\"2\">\n<li>Envoyez-nous les documents.<\/li>\n<\/ol>\n<p>Les originaux des documents accompagn\u00e9s de l&rsquo;<strong>autorisation et d&rsquo;une copie de votre carte d&rsquo;identit\u00e9<\/strong> ou de votre passeport portant votre signature et, si possible, joindre une feuille avec vos coordonn\u00e9es personnelles, ainsi qu&rsquo;une adresse postale pour leur retour.<\/p>\n<p><em>Nous engagerons la proc\u00e9dure d\u00e8s que nous aurons re\u00e7u ces informations.<\/em><\/p>\n<ol start=\"3\">\n<li>Apr\u00e8s l\u00e9galisation pr\u00e9alable.<\/li>\n<\/ol>\n<p>La l\u00e9galisation du document est demand\u00e9e le jour m\u00eame.<\/p>\n<ol start=\"4\">\n<li>Retour du document.<\/li>\n<\/ol>\n<p>Lorsque la l\u00e9galisation est pr\u00eate, le document est renvoy\u00e9 au titulaire, qui le re\u00e7oit dans un d\u00e9lai d&rsquo;un jour.<\/p>\n<p>Le d\u00e9lai de l\u00e9galisation est g\u00e9n\u00e9ralement de 2 \u00e0 3 jours ouvrables.<\/p>\n<table width=\"521\">\n<thead>\n<tr>\n<th width=\"70%\">L\u00c9GALISATIONS ANT\u00c9RIEURES<\/th>\n<th width=\"30%\"><\/th>\n<\/tr>\n<\/thead>\n<tbody>\n<tr>\n<td>La Cour Supr\u00eame. de Justicia Madrid<\/td>\n<td>20,00 \u20ac<\/td>\n<\/tr>\n<tr>\n<td>La Cour Supr\u00eame. de la justice dans d&rsquo;autres communaut\u00e9s autonomes<\/td>\n<td>20,00 \u20ac + frais d&rsquo;exp\u00e9dition et de manutention<\/td>\n<\/tr>\n<tr>\n<td>Minist\u00e8re de la Justice<\/td>\n<td>20,00 \u20ac<\/td>\n<\/tr>\n<tr>\n<td>Cam. de commerce \u00e0 Madrid<\/td>\n<td>20,00 \u20ac<\/td>\n<\/tr>\n<tr>\n<td>Conseil des chambres de commerce<\/td>\n<td>20,00 \u20ac<\/td>\n<\/tr>\n<tr>\n<td>Minist\u00e8re de l&rsquo;\u00e9ducation et des sciences<\/td>\n<td>20,00 \u20ac<\/td>\n<\/tr>\n<tr>\n<td>Autres minist\u00e8res et agences<\/td>\n<td>Demande de prix<\/td>\n<\/tr>\n<tr>\n<td>L\u00e9galisation des documents consulaires ult\u00e9rieurs<\/td>\n<td>50,00 \u20ac<\/td>\n<\/tr>\n<tr>\n<td>Association des notaires de Madrid<\/td>\n<td>20,00 \u20ac + Suppl\u00e9ments<\/td>\n<\/tr>\n<tr>\n<td>Remplac\u00e9 par le Coll\u00e8ge des notaires en 3 jours ouvrables<\/td>\n<td>14,00 \u20ac<\/td>\n<\/tr>\n<tr>\n<td>Coll\u00e8ge des notaires remplac\u00e9 Urgent. Dans les 24 heures<\/td>\n<td>35,00 \u20ac<\/td>\n<\/tr>\n<\/tbody>\n<\/table>\n<p>&nbsp;<\/p>\n","protected":false},"excerpt":{"rendered":"<p>Si vous souhaitez l\u00e9galiser des documents provenant d&rsquo;un pays \u00e9tranger en vue de leur utilisation en Espagne, vous devez suivre les \u00e9tapes ci-dessous, en gardant \u00e0 l&rsquo;esprit que dans certains cas, une l\u00e9galisation pr\u00e9alable par d&rsquo;autres organismes officiels est n\u00e9cessaire. Il convient de noter que certains pays n&rsquo;appartiennent pas au groupe de la Convention de &hellip;<\/p>\n<p class=\"read-more\"> <a class=\"ast-button\" href=\"https:\/\/gdocumentm.com\/fr\/legalisation-des-documents\/\"> <span class=\"screen-reader-text\">L\u00e9galisation des documents<\/span> Lire la suite \u00bb<\/a><\/p>\n","protected":false},"author":3,"featured_media":0,"parent":0,"menu_order":0,"comment_status":"closed","ping_status":"closed","template":"","meta":{"site-sidebar-layout":"default","site-content-layout":"","ast-site-content-layout":"","site-content-style":"default","site-sidebar-style":"default","ast-global-header-display":"","ast-banner-title-visibility":"","ast-main-header-display":"","ast-hfb-above-header-display":"","ast-hfb-below-header-display":"","ast-hfb-mobile-header-display":"","site-post-title":"","ast-breadcrumbs-content":"","ast-featured-img":"","footer-sml-layout":"","theme-transparent-header-meta":"default","adv-header-id-meta":"","stick-header-meta":"default","header-above-stick-meta":"","header-main-stick-meta":"","header-below-stick-meta":"","astra-migrate-meta-layouts":"","ast-page-background-enabled":"default","ast-page-background-meta":{"desktop":{"background-color":"var(--ast-global-color-4)","background-image":"","background-repeat":"repeat","background-position":"center center","background-size":"auto","background-attachment":"scroll","background-type":"","background-media":"","overlay-type":"","overlay-color":"","overlay-gradient":""},"tablet":{"background-color":"","background-image":"","background-repeat":"repeat","background-position":"center center","background-size":"auto","background-attachment":"scroll","background-type":"","background-media":"","overlay-type":"","overlay-color":"","overlay-gradient":""},"mobile":{"background-color":"","background-image":"","background-repeat":"repeat","background-position":"center center","background-size":"auto","background-attachment":"scroll","background-type":"","background-media":"","overlay-type":"","overlay-color":"","overlay-gradient":""}},"ast-content-background-meta":{"desktop":{"background-color":"var(--ast-global-color-5)","background-image":"","background-repeat":"repeat","background-position":"center center","background-size":"auto","background-attachment":"scroll","background-type":"","background-media":"","overlay-type":"","overlay-color":"","overlay-gradient":""},"tablet":{"background-color":"var(--ast-global-color-5)","background-image":"","background-repeat":"repeat","background-position":"center center","background-size":"auto","background-attachment":"scroll","background-type":"","background-media":"","overlay-type":"","overlay-color":"","overlay-gradient":""},"mobile":{"background-color":"var(--ast-global-color-5)","background-image":"","background-repeat":"repeat","background-position":"center center","background-size":"auto","background-attachment":"scroll","background-type":"","background-media":"","overlay-type":"","overlay-color":"","overlay-gradient":""}},"footnotes":""},"class_list":["post-825","page","type-page","status-publish","hentry"],"_links":{"self":[{"href":"https:\/\/gdocumentm.com\/fr\/wp-json\/wp\/v2\/pages\/825","targetHints":{"allow":["GET"]}}],"collection":[{"href":"https:\/\/gdocumentm.com\/fr\/wp-json\/wp\/v2\/pages"}],"about":[{"href":"https:\/\/gdocumentm.com\/fr\/wp-json\/wp\/v2\/types\/page"}],"author":[{"embeddable":true,"href":"https:\/\/gdocumentm.com\/fr\/wp-json\/wp\/v2\/users\/3"}],"replies":[{"embeddable":true,"href":"https:\/\/gdocumentm.com\/fr\/wp-json\/wp\/v2\/comments?post=825"}],"version-history":[{"count":0,"href":"https:\/\/gdocumentm.com\/fr\/wp-json\/wp\/v2\/pages\/825\/revisions"}],"wp:attachment":[{"href":"https:\/\/gdocumentm.com\/fr\/wp-json\/wp\/v2\/media?parent=825"}],"curies":[{"name":"wp","href":"https:\/\/api.w.org\/{rel}","templated":true}]}}