{"id":807,"date":"2023-10-24T17:45:30","date_gmt":"2023-10-24T15:45:30","guid":{"rendered":"https:\/\/gdocumentm.com\/demande-de-certificat-de-dernieres-volontes\/"},"modified":"2023-10-24T17:45:30","modified_gmt":"2023-10-24T15:45:30","slug":"demande-de-certificat-de-dernieres-volontes","status":"publish","type":"page","link":"https:\/\/gdocumentm.com\/fr\/demande-de-certificat-de-dernieres-volontes\/","title":{"rendered":"Demande de certificat de derni\u00e8res volont\u00e9s"},"content":{"rendered":"<p><img fetchpriority=\"high\" decoding=\"async\" class=\"alignnone wp-image-745\" src=\"https:\/\/gdocumentm.com\/wp-content\/uploads\/2023\/11\/hands-2906458_640-300x200.jpg\" alt=\"\" width=\"413\" height=\"275\"><\/p>\n<p>Pour demander un certificat de derni\u00e8res volont\u00e9s, vous devez remplir le formulaire.<br \/>\nIl faut tenir compte du fait qu&rsquo;entre le moment du d\u00e9c\u00e8s et l&rsquo;obtention du certificat, 15 jours doivent s&rsquo;\u00e9couler en Espagne et que d&rsquo;autres pays doivent \u00eatre consult\u00e9s.<br \/>\nUne fois que nous avons re\u00e7u l&rsquo;acte de d\u00e9c\u00e8s, nous venons le lendemain si c&rsquo;est un jour ouvrable pour demander l&rsquo;acte, nous fournissons un service de haute qualit\u00e9.<br \/>\nIl est important d&rsquo;envoyer l&rsquo;acte de d\u00e9c\u00e8s si vous en avez un, de nous envoyer le formulaire de demande et d&rsquo;effectuer le paiement.<\/p>\n<h3>Demande d&rsquo;attestation des derni\u00e8res volont\u00e9s :<\/h3>\n\n<div class=\"wpcf7 no-js\" id=\"wpcf7-f1301-o1\" lang=\"fr-FR\" dir=\"ltr\">\n<div class=\"screen-reader-response\"><p role=\"status\" aria-live=\"polite\" aria-atomic=\"true\"><\/p> <ul><\/ul><\/div>\n<form action=\"\/fr\/wp-json\/wp\/v2\/pages\/807#wpcf7-f1301-o1\" method=\"post\" class=\"wpcf7-form init\" aria-label=\"Formulaire de contact\" novalidate=\"novalidate\" data-status=\"init\">\n<div style=\"display: none;\">\n<input type=\"hidden\" name=\"_wpcf7\" value=\"1301\" \/>\n<input type=\"hidden\" name=\"_wpcf7_version\" value=\"5.8.6\" \/>\n<input type=\"hidden\" name=\"_wpcf7_locale\" value=\"fr_FR\" \/>\n<input type=\"hidden\" name=\"_wpcf7_unit_tag\" value=\"wpcf7-f1301-o1\" \/>\n<input type=\"hidden\" name=\"_wpcf7_container_post\" value=\"0\" \/>\n<input type=\"hidden\" name=\"_wpcf7_posted_data_hash\" value=\"\" \/>\n<input type=\"hidden\" name=\"_wpcf7_recaptcha_response\" value=\"\" \/>\n<\/div>\n<div>\n\t<p><label>Veuillez joindre un scan si vous poss\u00e9dez le document demand\u00e9. Il est tr\u00e8s important de fournir le plus d'informations possible afin d'obtenir le certificat.<\/label><br \/>\n<span class=\"wpcf7-form-control-wrap\" data-name=\"archivo-subido\"><input size=\"40\" class=\"wpcf7-form-control wpcf7-drag-n-drop-file d-none\" aria-invalid=\"false\" type=\"file\" multiple=\"multiple\" data-name=\"archivo-subido\" data-min=\"0\" data-max=\"3\" data-id=\"1301\" data-version=\"free version 1.3.7.5\" accept=\".\" \/><\/span>\n\t<\/p>\n<\/div>\n<div>\n\t<p><label>Pays o\u00f9 il sera pr\u00e9sent\u00e9<\/label><br \/>\n<span class=\"wpcf7-form-control-wrap\" data-name=\"pais_presentara\"><input size=\"40\" class=\"wpcf7-form-control wpcf7-text\" aria-invalid=\"false\" value=\"\" type=\"text\" name=\"pais_presentara\" \/><\/span>\n\t<\/p>\n<\/div>\n<div>\n\t<p><label>Objet du certificat<\/label><br \/>\n<span class=\"wpcf7-form-control-wrap\" data-name=\"finalidad\"><input size=\"40\" class=\"wpcf7-form-control wpcf7-text\" aria-invalid=\"false\" value=\"\" type=\"text\" name=\"finalidad\" \/><\/span>\n\t<\/p>\n<\/div>\n<div>\n\t<h5>Coordonn\u00e9es de la personne d\u00e9c\u00e9d\u00e9e\n\t<\/h5>\n<\/div>\n<div>\n\t<p><label>Nom<\/label><br \/>\n<span class=\"wpcf7-form-control-wrap\" data-name=\"nombre\"><input size=\"40\" class=\"wpcf7-form-control wpcf7-text\" aria-invalid=\"false\" value=\"\" type=\"text\" name=\"nombre\" \/><\/span>\n\t<\/p>\n<\/div>\n<div>\n\t<p><label>1er nom de famille<\/label><br \/>\n<span class=\"wpcf7-form-control-wrap\" data-name=\"apellido1\"><input size=\"40\" class=\"wpcf7-form-control wpcf7-text\" aria-invalid=\"false\" value=\"\" type=\"text\" name=\"apellido1\" \/><\/span>\n\t<\/p>\n<\/div>\n<div>\n\t<p><label>2\u00e8me nom de famille<\/label><br \/>\n<span class=\"wpcf7-form-control-wrap\" data-name=\"apellido2\"><input size=\"40\" class=\"wpcf7-form-control wpcf7-text\" aria-invalid=\"false\" value=\"\" type=\"text\" name=\"apellido2\" \/><\/span>\n\t<\/p>\n<\/div>\n<div>\n\t<p><label>DNI\/NIE<\/label><br \/>\n<span class=\"wpcf7-form-control-wrap\" data-name=\"dni\"><input size=\"40\" class=\"wpcf7-form-control wpcf7-text\" aria-invalid=\"false\" value=\"\" type=\"text\" name=\"dni\" \/><\/span>\n\t<\/p>\n<\/div>\n<div>\n\t<p><label>Num\u00e9ro de passeport<\/label><br \/>\n<span class=\"wpcf7-form-control-wrap\" data-name=\"pasaporte\"><input size=\"40\" class=\"wpcf7-form-control wpcf7-text\" aria-invalid=\"false\" value=\"\" type=\"text\" name=\"pasaporte\" \/><\/span>\n\t<\/p>\n<\/div>\n<div>\n\t<p><label>Date du d\u00e9c\u00e8s<\/label><br \/>\n<span class=\"wpcf7-form-control-wrap\" data-name=\"fecha-de-nacimiento\"><input size=\"40\" class=\"wpcf7-form-control wpcf7-text\" aria-invalid=\"false\" value=\"\" type=\"text\" name=\"fecha-de-nacimiento\" \/><\/span>\n\t<\/p>\n<\/div>\n<div>\n\t<p><label>Remarques<\/label><br \/>\n<span class=\"wpcf7-form-control-wrap\" data-name=\"mobservaciones\"><input size=\"40\" class=\"wpcf7-form-control wpcf7-text\" aria-invalid=\"false\" value=\"\" type=\"text\" name=\"mobservaciones\" \/><\/span>\n\t<\/p>\n<\/div>\n<div>\n\t<h5>Adresse pour l'envoi du certificat\n\t<\/h5>\n<\/div>\n<div>\n\t<p><label>Nom et pr\u00e9nom<\/label><br \/>\n<span class=\"wpcf7-form-control-wrap\" data-name=\"nombre-apellidos-envio\"><input size=\"40\" class=\"wpcf7-form-control wpcf7-text\" aria-invalid=\"false\" value=\"\" type=\"text\" name=\"nombre-apellidos-envio\" \/><\/span>\n\t<\/p>\n<\/div>\n<div>\n\t<p><label>Type de route<\/label><br \/>\n<span class=\"wpcf7-form-control-wrap\" data-name=\"tipo-via\"><input size=\"40\" class=\"wpcf7-form-control wpcf7-text\" aria-invalid=\"false\" value=\"\" type=\"text\" name=\"tipo-via\" \/><\/span>\n\t<\/p>\n<\/div>\n<div>\n\t<p><label>Type de route<\/label><br \/>\n<span class=\"wpcf7-form-control-wrap\" data-name=\"tipovia\"><select class=\"wpcf7-form-control wpcf7-select\" aria-invalid=\"false\" name=\"tipovia\"><option value=\"Calle\">Calle<\/option><option value=\"Plaza\">Plaza<\/option><option value=\"Avenida\">Avenida<\/option><option value=\"Carretera\">Carretera<\/option><\/select><\/span>\n\t<\/p>\n<\/div>\n<div>\n\t<p><label>Nom de la route<\/label><br \/>\n<span class=\"wpcf7-form-control-wrap\" data-name=\"nombre-via\"><input size=\"40\" class=\"wpcf7-form-control wpcf7-text\" aria-invalid=\"false\" value=\"\" type=\"text\" name=\"nombre-via\" \/><\/span>\n\t<\/p>\n<\/div>\n<div>\n\t<p><label>Nombre ou Km<\/label><br \/>\n<span class=\"wpcf7-form-control-wrap\" data-name=\"numero-km\"><input size=\"40\" class=\"wpcf7-form-control wpcf7-text\" aria-invalid=\"false\" value=\"\" type=\"text\" name=\"numero-km\" \/><\/span>\n\t<\/p>\n<\/div>\n<div>\n\t<p><label>Donn\u00e9es de livraison suppl\u00e9mentaires (escalier, \u00e9tage, urbanisation...)<\/label><br \/>\n<span class=\"wpcf7-form-control-wrap\" data-name=\"datos-adicionales\"><input size=\"40\" class=\"wpcf7-form-control wpcf7-text\" aria-invalid=\"false\" value=\"\" type=\"text\" name=\"datos-adicionales\" \/><\/span>\n\t<\/p>\n<\/div>\n<div>\n\t<p><label>Code postal<\/label><br \/>\n<span class=\"wpcf7-form-control-wrap\" data-name=\"codigopostal\"><input size=\"40\" class=\"wpcf7-form-control wpcf7-text\" aria-invalid=\"false\" value=\"\" type=\"text\" name=\"codigopostal\" \/><\/span>\n\t<\/p>\n<\/div>\n<div>\n\t<p><label>Localit\u00e9<\/label><br \/>\n<span class=\"wpcf7-form-control-wrap\" data-name=\"Localidad2\"><input size=\"40\" class=\"wpcf7-form-control wpcf7-text\" aria-invalid=\"false\" value=\"\" type=\"text\" name=\"Localidad2\" \/><\/span>\n\t<\/p>\n<\/div>\n<div>\n\t<p><label>Province<\/label><br \/>\n<span class=\"wpcf7-form-control-wrap\" data-name=\"provincia2\"><input size=\"40\" class=\"wpcf7-form-control wpcf7-text\" aria-invalid=\"false\" value=\"\" type=\"text\" name=\"provincia2\" \/><\/span>\n\t<\/p>\n<\/div>\n<div>\n\t<p><label>Pays<\/label><br \/>\n<span class=\"wpcf7-form-control-wrap\" data-name=\"pais\"><input size=\"40\" class=\"wpcf7-form-control wpcf7-text\" aria-invalid=\"false\" value=\"\" type=\"text\" name=\"pais\" \/><\/span>\n\t<\/p>\n<\/div>\n<div>\n\t<p><label>Courrier \u00e9lectronique<\/label><br \/>\n<span class=\"wpcf7-form-control-wrap\" data-name=\"email\"><input size=\"40\" class=\"wpcf7-form-control wpcf7-email wpcf7-text wpcf7-validates-as-email\" aria-invalid=\"false\" value=\"\" type=\"email\" name=\"email\" \/><\/span>\n\t<\/p>\n<\/div>\n<div>\n\t<p><label>T\u00e9l\u00e9phone<\/label><br \/>\n<span class=\"wpcf7-form-control-wrap\" data-name=\"telefono\"><input size=\"40\" class=\"wpcf7-form-control wpcf7-text\" aria-invalid=\"false\" value=\"\" type=\"text\" name=\"telefono\" \/><\/span>\n\t<\/p>\n<\/div>\n<div>\n\t<h5>Services\n\t<\/h5>\n<\/div>\n<div>\n\t<p><label>Combien de certificats voulez-vous si vous \u00eates n\u00e9 en Espagne ?<\/label><br \/>\n<span class=\"wpcf7-form-control-wrap cuantos_certificados\"><select class=\"wpcf7-form-control wpcf7-select_custom\" aria-invalid=\"false\" name=\"cuantos_certificados\"><option value=\"0\">Seleccionar<\/option><option value=\"30\">1 certificado - 30.00 EUR<\/option><option value=\"40\">2 certificados - 40.00 EUR<\/option><option value=\"50\">3 certificados - 50.00 EUR<\/option><\/select><\/span>\n\t<\/p>\n<\/div>\n<div>\n\t<p><label>Type d'envoi du certificat<\/label><br \/>\n<span class=\"wpcf7-form-control-wrap envio_certificado\"><select class=\"wpcf7-form-control wpcf7-select_custom\" aria-invalid=\"false\" name=\"envio_certificado\"><option value=\"0\">Seleccionar<\/option><option value=\"10\">Correos Nacional Carta Certificada (entre 5 y 7 dias) - 10.00 EUR<\/option><option value=\"15\">Correos Nacional Carta Certificada Urgente entre 4 y 5 dias - 15.00 EUR<\/option><option value=\"20\">Correos Internacional Carta Certificada entre 15 y 20 dias - 20.00 EUR<\/option><option value=\"30\">Correos Internacional Carta Certificada Urgente entre 12 y 15 dias<\/option><option value=\"20\">Mensajeria Nacional MRW 2 dias.<\/option><option value=\"30\">Mensajeria Nacional MRW 1 dia. - 30.00 EUR<\/option><option value=\"40\">Mensajeria Internacional Europa entre 6 y 7 dias - 40.00 EUR<\/option><option value=\"60\">Mensajeria Internacional Todo el Mundo entre 8 y 9 dias - 60.00 EUR<\/option><option value=\"70\">Mensajeria Internacional  Europa Urgente entre 4 y 5 dias - 70.00 EUR<\/option><option value=\"100\">Mensajeria Internacional Todo el Mundo Urgente entre 6 y 7 dias - 100.00 EUR<\/option><\/select><\/span>\n\t<\/p>\n<\/div>\n<div>\n\t<p><label>Demande d'attestation si vous \u00eates assur\u00e9<\/label><br \/>\n<span class=\"wpcf7-form-control-wrap solicitar_seguro\"><select class=\"wpcf7-form-control wpcf7-select_custom\" aria-invalid=\"false\" name=\"solicitar_seguro\"><option value=\"0\">No<\/option><option value=\"40\">Si - 40 EUR<\/option><\/select><\/span>\n\t<\/p>\n<\/div>\n<div>\n\t<p><label>Apostille<\/label><br \/>\n<span class=\"wpcf7-form-control-wrap apostillar\"><select class=\"wpcf7-form-control wpcf7-select_custom\" aria-invalid=\"false\" name=\"apostillar\"><option value=\"0\">Seleccionar<\/option><option value=\"20\">1 certificado - 20.00 EUR<\/option><option value=\"35\">2 certificados - 35.00 EUR<\/option><option value=\"40\">3 certificados - 40.00 EUR<\/option><\/select><\/span>\n\t<\/p>\n<\/div>\n<div>\n\t<p><label>L\u00e9galisation dans le MAEC<\/label><br \/>\n<span class=\"wpcf7-form-control-wrap legalizar_maec\"><select class=\"wpcf7-form-control wpcf7-select_custom\" aria-invalid=\"false\" name=\"legalizar_maec\"><option value=\"0\">Seleccionar<\/option><option value=\"50\">1 certificado - 50.00 EUR<\/option><option value=\"90\">2 certificados - 90.00 EUR<\/option><option value=\"120\">3 certificados - 120.00 EUR<\/option><\/select><\/span>\n\t<\/p>\n<\/div>\n<div>\n\t<p><label>Pays de soumission<\/label><br \/>\n<span class=\"wpcf7-form-control-wrap\" data-name=\"pais_donde\"><input size=\"40\" class=\"wpcf7-form-control wpcf7-text\" aria-invalid=\"false\" value=\"\" type=\"text\" name=\"pais_donde\" \/><\/span>\n\t<\/p>\n<\/div>\n<div>\n\t<p><label>Remarques<\/label><br \/>\n<span class=\"wpcf7-form-control-wrap\" data-name=\"observaciones\"><input size=\"40\" class=\"wpcf7-form-control wpcf7-text\" aria-invalid=\"false\" value=\"\" type=\"text\" name=\"observaciones\" \/><\/span>\n\t<\/p>\n<\/div>\n<div>\n\t<p><label>Traduction certifi\u00e9e du certificat<\/label><br \/>\n<span class=\"wpcf7-form-control-wrap traduccion_jurada\"><select class=\"wpcf7-form-control wpcf7-select_custom\" aria-invalid=\"false\" name=\"traduccion_jurada\"><option value=\"0\">Seleccionar<\/option><option value=\"80\">1 copia - 80.00 EUR<\/option><option value=\"120\">2 copias - 120.00 EUR<\/option><option value=\"160\">3 copias - 160.00 EUR<\/option><\/select><\/span>\n\t<\/p>\n<\/div>\n<div>\n\t<p><label>Langue<\/label><br \/>\n<span class=\"wpcf7-form-control-wrap\" data-name=\"traduccion_idioma\"><input size=\"40\" class=\"wpcf7-form-control wpcf7-text\" aria-invalid=\"false\" value=\"\" type=\"text\" name=\"traduccion_idioma\" \/><\/span>\n\t<\/p>\n<\/div>\n<div>\n\t<p><label>S\u00e9lectionnez le montant des autres services contractuels ou suppl\u00e9mentaires pr\u00e9alablement discut\u00e9s avec nous.<\/label><br \/>\n<span class=\"wpcf7-form-control-wrap servicios_opcionales\"><select class=\"wpcf7-form-control wpcf7-select_custom\" aria-invalid=\"false\" name=\"servicios_opcionales\"><option value=\"0\">Opcional<\/option><option value=\"10\">10.00 EUR<\/option><option value=\"20\">20.00 EUR<\/option><option value=\"30\">30.00 EUR<\/option><option value=\"40\">40.00 EUR<\/option><option value=\"50\">50.00 EUR<\/option><option value=\"75\">75.00 EUR<\/option><option value=\"100\">100.00 EUR<\/option><option value=\"125\">125.00 EUR<\/option><option value=\"150\">150.00 EUR<\/option><option value=\"175\">175.00 EUR<\/option><option value=\"200\">200.00 EUR<\/option><\/select><\/span>\n\t<\/p>\n<\/div>\n<div>\n\t<p><label>Total<\/label><br \/>\n<span class=\" wpcf7-form-control-wrap calculadora-total-eur\"><input data-number=\"0\" size=\"40\" class=\"wpcf7-form-control wpcf7-calculated wpcf7-total number-format ctf7-total\" data-a-sign=\"\u20ac\" data-a-sep=\",\" data-a-dec=\".\" data-p-sign=\"s\" readonly=\"readonly\" aria-invalid=\"false\" value=\"0\" type=\"text\" name=\"calculadora-total-eur\" data-formulas=\"cuantos_certificados + envio_certificado + apostillar + legalizar_maec + traduccion_jurada + servicios_opcionales + solicitar_seguro\" \/><\/span>\n\t<\/p>\n<\/div>\n<div>\n\t<p><label>21% de TVA sont ajout\u00e9s au co\u00fbt total<\/label><br \/>\n<span class=\" wpcf7-form-control-wrap IVA-21\"><input data-number=\"0\" size=\"40\" class=\"wpcf7-form-control wpcf7-calculated wpcf7-total ctf7-total\" readonly=\"readonly\" aria-invalid=\"false\" value=\"0\" type=\"text\" name=\"IVA-21\" data-formulas=\"((cuantos_certificados + envio_certificado + apostillar + legalizar_maec + traduccion_jurada + servicios_opcionales + solicitar_seguro)*21)\/100\" \/><\/span><br \/>\n<span class=\" wpcf7-form-control-wrap calculadora-total\"><input data-number=\"0\" size=\"40\" class=\"wpcf7-form-control wpcf7-calculated wpcf7-total cf7-hide ctf7-total\" readonly=\"readonly\" aria-invalid=\"false\" value=\"0\" type=\"text\" name=\"calculadora-total\" data-formulas=\"cuantos_certificados + envio_certificado + apostillar + legalizar_maec + traduccion_jurada + servicios_opcionales + solicitar_seguro\" \/><\/span><br \/>\n<span class=\" wpcf7-form-control-wrap costo-final\"><input data-number=\"0\" size=\"40\" class=\"wpcf7-form-control wpcf7-calculated wpcf7-total cf7-hide ctf7-total\" readonly=\"readonly\" aria-invalid=\"false\" value=\"0\" type=\"text\" name=\"costo-final\" data-formulas=\"calculadora-total + IVA-21\" \/><\/span>\n\t<\/p>\n<\/div>\n<div class=\"nuevo\">\n\t<p><label> <\/label><br \/>\n<span class=\"wpcf7-form-control-wrap\" data-name=\"acceptance-388\"><span class=\"wpcf7-form-control wpcf7-acceptance\"><span class=\"wpcf7-list-item\"><label><input type=\"checkbox\" name=\"acceptance-388\" value=\"1\" class=\"xinput\" aria-invalid=\"false\" \/><span class=\"wpcf7-list-item-label\">J'ai lu et accept\u00e9 la <a href=\"https:\/\/gdocumentm.com\/proteccion-de-su-datos\/\">clause de protection des donn\u00e9es<\/a>.<\/span><\/label><\/span><\/span><\/span>\n\t<\/p>\n<\/div>\n<div class=\"enviar\">\n<span class=\"wpcf7-form-control-wrap recaptcha\" data-name=\"recaptcha\"><span data-sitekey=\"6LfSQWApAAAAAG9Mrze4VzZdOEdGvdldMC-kP3UZ\" class=\"wpcf7-form-control wpcf7-recaptcha g-recaptcha\"><\/span>\r\n<noscript>\r\n\t<div class=\"grecaptcha-noscript\">\r\n\t\t<iframe src=\"https:\/\/www.google.com\/recaptcha\/api\/fallback?k=6LfSQWApAAAAAG9Mrze4VzZdOEdGvdldMC-kP3UZ\" frameborder=\"0\" scrolling=\"no\" width=\"310\" height=\"430\">\r\n\t\t<\/iframe>\r\n\t\t<textarea name=\"g-recaptcha-response\" rows=\"3\" cols=\"40\" placeholder=\"reCaptcha Response Here\">\r\n\t\t<\/textarea>\r\n\t<\/div>\r\n<\/noscript>\r\n<\/span>\n\t<p><input class=\"wpcf7-form-control wpcf7-submit has-spinner\" type=\"submit\" value=\"Enviar\" \/>\n\t<\/p>\n<\/div><div class=\"wpcf7-response-output\" aria-hidden=\"true\"><\/div>\n<\/form>\n<\/div>\n\n","protected":false},"excerpt":{"rendered":"<p>Pour demander un certificat de derni\u00e8res volont\u00e9s, vous devez remplir le formulaire. Il faut tenir compte du fait qu&rsquo;entre le moment du d\u00e9c\u00e8s et l&rsquo;obtention du certificat, 15 jours doivent s&rsquo;\u00e9couler en Espagne et que d&rsquo;autres pays doivent \u00eatre consult\u00e9s. Une fois que nous avons re\u00e7u l&rsquo;acte de d\u00e9c\u00e8s, nous venons le lendemain si c&rsquo;est &hellip;<\/p>\n<p class=\"read-more\"> <a class=\"ast-button\" href=\"https:\/\/gdocumentm.com\/fr\/demande-de-certificat-de-dernieres-volontes\/\"> <span class=\"screen-reader-text\">Demande de certificat de derni\u00e8res volont\u00e9s<\/span> Lire la suite \u00bb<\/a><\/p>\n","protected":false},"author":3,"featured_media":0,"parent":0,"menu_order":0,"comment_status":"closed","ping_status":"closed","template":"","meta":{"site-sidebar-layout":"default","site-content-layout":"","ast-site-content-layout":"","site-content-style":"default","site-sidebar-style":"default","ast-global-header-display":"","ast-banner-title-visibility":"","ast-main-header-display":"","ast-hfb-above-header-display":"","ast-hfb-below-header-display":"","ast-hfb-mobile-header-display":"","site-post-title":"","ast-breadcrumbs-content":"","ast-featured-img":"","footer-sml-layout":"","theme-transparent-header-meta":"default","adv-header-id-meta":"","stick-header-meta":"default","header-above-stick-meta":"","header-main-stick-meta":"","header-below-stick-meta":"","astra-migrate-meta-layouts":"","ast-page-background-enabled":"default","ast-page-background-meta":{"desktop":{"background-color":"var(--ast-global-color-4)","background-image":"","background-repeat":"repeat","background-position":"center center","background-size":"auto","background-attachment":"scroll","background-type":"","background-media":"","overlay-type":"","overlay-color":"","overlay-gradient":""},"tablet":{"background-color":"","background-image":"","background-repeat":"repeat","background-position":"center center","background-size":"auto","background-attachment":"scroll","background-type":"","background-media":"","overlay-type":"","overlay-color":"","overlay-gradient":""},"mobile":{"background-color":"","background-image":"","background-repeat":"repeat","background-position":"center center","background-size":"auto","background-attachment":"scroll","background-type":"","background-media":"","overlay-type":"","overlay-color":"","overlay-gradient":""}},"ast-content-background-meta":{"desktop":{"background-color":"var(--ast-global-color-5)","background-image":"","background-repeat":"repeat","background-position":"center center","background-size":"auto","background-attachment":"scroll","background-type":"","background-media":"","overlay-type":"","overlay-color":"","overlay-gradient":""},"tablet":{"background-color":"var(--ast-global-color-5)","background-image":"","background-repeat":"repeat","background-position":"center center","background-size":"auto","background-attachment":"scroll","background-type":"","background-media":"","overlay-type":"","overlay-color":"","overlay-gradient":""},"mobile":{"background-color":"var(--ast-global-color-5)","background-image":"","background-repeat":"repeat","background-position":"center center","background-size":"auto","background-attachment":"scroll","background-type":"","background-media":"","overlay-type":"","overlay-color":"","overlay-gradient":""}},"footnotes":""},"class_list":["post-807","page","type-page","status-publish","hentry"],"_links":{"self":[{"href":"https:\/\/gdocumentm.com\/fr\/wp-json\/wp\/v2\/pages\/807","targetHints":{"allow":["GET"]}}],"collection":[{"href":"https:\/\/gdocumentm.com\/fr\/wp-json\/wp\/v2\/pages"}],"about":[{"href":"https:\/\/gdocumentm.com\/fr\/wp-json\/wp\/v2\/types\/page"}],"author":[{"embeddable":true,"href":"https:\/\/gdocumentm.com\/fr\/wp-json\/wp\/v2\/users\/3"}],"replies":[{"embeddable":true,"href":"https:\/\/gdocumentm.com\/fr\/wp-json\/wp\/v2\/comments?post=807"}],"version-history":[{"count":0,"href":"https:\/\/gdocumentm.com\/fr\/wp-json\/wp\/v2\/pages\/807\/revisions"}],"wp:attachment":[{"href":"https:\/\/gdocumentm.com\/fr\/wp-json\/wp\/v2\/media?parent=807"}],"curies":[{"name":"wp","href":"https:\/\/api.w.org\/{rel}","templated":true}]}}