{"id":986,"date":"2014-09-19T00:30:35","date_gmt":"2014-09-18T22:30:35","guid":{"rendered":"https:\/\/gdocumentm.com\/wer-wir-sind\/"},"modified":"2014-09-19T00:30:35","modified_gmt":"2014-09-18T22:30:35","slug":"wer-wir-sind","status":"publish","type":"page","link":"https:\/\/gdocumentm.com\/de\/wer-wir-sind\/","title":{"rendered":"Wer wir sind"},"content":{"rendered":"<p><strong>GLOBAL DOCUMENT MANAGER<\/strong> geh\u00f6rt zu eMadrid Management. Wir sind eine Agentur, die f\u00fcr ihre Qualit\u00e4t und Professionalit\u00e4t bei der Beratung und Durchf\u00fchrung von Verfahren f\u00fcr Privatpersonen und Unternehmen in ganz Spanien bekannt ist. Wir sind in der Stadt Madrid ans\u00e4ssig und verf\u00fcgen \u00fcber mehr als 10 Jahre Erfahrung in der Bearbeitung aller Arten von Akten in den verschiedenen Einrichtungen und Verwaltungen. Unsere Erfahrung ist unsere Garantie, um die Bed\u00fcrfnisse unserer Kunden mit einem sehr pers\u00f6nlichen Service zu erf\u00fcllen. Das Funktionieren unserer Agentur ist den Bem\u00fchungen eines qualifizierten Teams von Fachleuten zu verdanken, die mit uns zusammenarbeiten und die zweifellos unser wichtigstes Kapital darstellen. Wir sind uns der neuen Informationstechnologien bewusst und bieten durch den Einsatz moderner Computertechniken die wirksamste Antwort auf die globalen Probleme von Unternehmen und Privatpersonen.<\/p>\n<p>Unsere Kunden sind vor allem Einzelunternehmen, Freiberufler, Personengesellschaften und Verb\u00e4nde, die regelm\u00e4\u00dfig alle oder einen Teil der von der Beratungsfirma angebotenen Dienstleistungen in Anspruch nehmen. Wir m\u00f6chten, dass Sie uns vertrauen, wenn Sie eine der von uns angebotenen Dienstleistungen ben\u00f6tigen, denn wir versichern Ihnen nicht nur ein gutes Ergebnis in allen Bereichen, sondern auch eine qualitativ hochwertige Behandlung in jedem Ihrer Verfahren.<\/p>\n","protected":false},"excerpt":{"rendered":"<p>GLOBAL DOCUMENT MANAGER geh\u00f6rt zu eMadrid Management. Wir sind eine Agentur, die f\u00fcr ihre Qualit\u00e4t und Professionalit\u00e4t bei der Beratung und Durchf\u00fchrung von Verfahren f\u00fcr Privatpersonen und Unternehmen in ganz Spanien bekannt ist. Wir sind in der Stadt Madrid ans\u00e4ssig und verf\u00fcgen \u00fcber mehr als 10 Jahre Erfahrung in der Bearbeitung aller Arten von Akten &hellip;<\/p>\n<p class=\"read-more\"> <a class=\"ast-button\" href=\"https:\/\/gdocumentm.com\/de\/wer-wir-sind\/\"> <span class=\"screen-reader-text\">Wer wir sind<\/span> Read More \u00bb<\/a><\/p>\n","protected":false},"author":3,"featured_media":0,"parent":0,"menu_order":33,"comment_status":"closed","ping_status":"closed","template":"","meta":{"site-sidebar-layout":"default","site-content-layout":"","ast-site-content-layout":"","site-content-style":"default","site-sidebar-style":"default","ast-global-header-display":"","ast-banner-title-visibility":"","ast-main-header-display":"","ast-hfb-above-header-display":"","ast-hfb-below-header-display":"","ast-hfb-mobile-header-display":"","site-post-title":"","ast-breadcrumbs-content":"","ast-featured-img":"","footer-sml-layout":"","theme-transparent-header-meta":"default","adv-header-id-meta":"","stick-header-meta":"default","header-above-stick-meta":"","header-main-stick-meta":"","header-below-stick-meta":"","astra-migrate-meta-layouts":"","ast-page-background-enabled":"default","ast-page-background-meta":{"desktop":{"background-color":"var(--ast-global-color-4)","background-image":"","background-repeat":"repeat","background-position":"center center","background-size":"auto","background-attachment":"scroll","background-type":"","background-media":"","overlay-type":"","overlay-color":"","overlay-gradient":""},"tablet":{"background-color":"","background-image":"","background-repeat":"repeat","background-position":"center center","background-size":"auto","background-attachment":"scroll","background-type":"","background-media":"","overlay-type":"","overlay-color":"","overlay-gradient":""},"mobile":{"background-color":"","background-image":"","background-repeat":"repeat","background-position":"center center","background-size":"auto","background-attachment":"scroll","background-type":"","background-media":"","overlay-type":"","overlay-color":"","overlay-gradient":""}},"ast-content-background-meta":{"desktop":{"background-color":"var(--ast-global-color-5)","background-image":"","background-repeat":"repeat","background-position":"center center","background-size":"auto","background-attachment":"scroll","background-type":"","background-media":"","overlay-type":"","overlay-color":"","overlay-gradient":""},"tablet":{"background-color":"var(--ast-global-color-5)","background-image":"","background-repeat":"repeat","background-position":"center center","background-size":"auto","background-attachment":"scroll","background-type":"","background-media":"","overlay-type":"","overlay-color":"","overlay-gradient":""},"mobile":{"background-color":"var(--ast-global-color-5)","background-image":"","background-repeat":"repeat","background-position":"center center","background-size":"auto","background-attachment":"scroll","background-type":"","background-media":"","overlay-type":"","overlay-color":"","overlay-gradient":""}},"footnotes":""},"class_list":["post-986","page","type-page","status-publish","hentry"],"_links":{"self":[{"href":"https:\/\/gdocumentm.com\/de\/wp-json\/wp\/v2\/pages\/986","targetHints":{"allow":["GET"]}}],"collection":[{"href":"https:\/\/gdocumentm.com\/de\/wp-json\/wp\/v2\/pages"}],"about":[{"href":"https:\/\/gdocumentm.com\/de\/wp-json\/wp\/v2\/types\/page"}],"author":[{"embeddable":true,"href":"https:\/\/gdocumentm.com\/de\/wp-json\/wp\/v2\/users\/3"}],"replies":[{"embeddable":true,"href":"https:\/\/gdocumentm.com\/de\/wp-json\/wp\/v2\/comments?post=986"}],"version-history":[{"count":0,"href":"https:\/\/gdocumentm.com\/de\/wp-json\/wp\/v2\/pages\/986\/revisions"}],"wp:attachment":[{"href":"https:\/\/gdocumentm.com\/de\/wp-json\/wp\/v2\/media?parent=986"}],"curies":[{"name":"wp","href":"https:\/\/api.w.org\/{rel}","templated":true}]}}