{"id":957,"date":"2018-01-05T13:41:26","date_gmt":"2018-01-05T12:41:26","guid":{"rendered":"https:\/\/gdocumentm.com\/visum-nordkorea\/"},"modified":"2018-01-05T13:41:26","modified_gmt":"2018-01-05T12:41:26","slug":"visum-nordkorea","status":"publish","type":"page","link":"https:\/\/gdocumentm.com\/de\/visum-nordkorea\/","title":{"rendered":"Visum Nordkorea"},"content":{"rendered":"<p>Wenn Sie spanischer Staatsb\u00fcrger sind und Ihr n\u00e4chstes Ziel Nordkorea ist, empfehlen wir Ihnen, <a href=\"https:\/\/gestoriaemadrid.com\/noticias\/visado-corea-del-norte\" target=\"_blank\" rel=\"noopener\">diesen Artikel zu lesen<\/a>, in dem Sie die notwendigen Informationen \u00fcber alle Dokumente und Hinweise f\u00fcr Reisen in dieses Land erhalten.<\/p>\n","protected":false},"excerpt":{"rendered":"<p>Wenn Sie spanischer Staatsb\u00fcrger sind und Ihr n\u00e4chstes Ziel Nordkorea ist, empfehlen wir Ihnen, diesen Artikel zu lesen, in dem Sie die notwendigen Informationen \u00fcber alle Dokumente und Hinweise f\u00fcr Reisen in dieses Land erhalten.<\/p>\n","protected":false},"author":3,"featured_media":0,"parent":0,"menu_order":8,"comment_status":"closed","ping_status":"closed","template":"","meta":{"site-sidebar-layout":"default","site-content-layout":"","ast-site-content-layout":"","site-content-style":"default","site-sidebar-style":"default","ast-global-header-display":"","ast-banner-title-visibility":"","ast-main-header-display":"","ast-hfb-above-header-display":"","ast-hfb-below-header-display":"","ast-hfb-mobile-header-display":"","site-post-title":"","ast-breadcrumbs-content":"","ast-featured-img":"","footer-sml-layout":"","theme-transparent-header-meta":"default","adv-header-id-meta":"","stick-header-meta":"default","header-above-stick-meta":"","header-main-stick-meta":"","header-below-stick-meta":"","astra-migrate-meta-layouts":"","ast-page-background-enabled":"default","ast-page-background-meta":{"desktop":{"background-color":"var(--ast-global-color-4)","background-image":"","background-repeat":"repeat","background-position":"center center","background-size":"auto","background-attachment":"scroll","background-type":"","background-media":"","overlay-type":"","overlay-color":"","overlay-gradient":""},"tablet":{"background-color":"","background-image":"","background-repeat":"repeat","background-position":"center center","background-size":"auto","background-attachment":"scroll","background-type":"","background-media":"","overlay-type":"","overlay-color":"","overlay-gradient":""},"mobile":{"background-color":"","background-image":"","background-repeat":"repeat","background-position":"center center","background-size":"auto","background-attachment":"scroll","background-type":"","background-media":"","overlay-type":"","overlay-color":"","overlay-gradient":""}},"ast-content-background-meta":{"desktop":{"background-color":"var(--ast-global-color-5)","background-image":"","background-repeat":"repeat","background-position":"center center","background-size":"auto","background-attachment":"scroll","background-type":"","background-media":"","overlay-type":"","overlay-color":"","overlay-gradient":""},"tablet":{"background-color":"var(--ast-global-color-5)","background-image":"","background-repeat":"repeat","background-position":"center center","background-size":"auto","background-attachment":"scroll","background-type":"","background-media":"","overlay-type":"","overlay-color":"","overlay-gradient":""},"mobile":{"background-color":"var(--ast-global-color-5)","background-image":"","background-repeat":"repeat","background-position":"center center","background-size":"auto","background-attachment":"scroll","background-type":"","background-media":"","overlay-type":"","overlay-color":"","overlay-gradient":""}},"footnotes":""},"class_list":["post-957","page","type-page","status-publish","hentry"],"_links":{"self":[{"href":"https:\/\/gdocumentm.com\/de\/wp-json\/wp\/v2\/pages\/957","targetHints":{"allow":["GET"]}}],"collection":[{"href":"https:\/\/gdocumentm.com\/de\/wp-json\/wp\/v2\/pages"}],"about":[{"href":"https:\/\/gdocumentm.com\/de\/wp-json\/wp\/v2\/types\/page"}],"author":[{"embeddable":true,"href":"https:\/\/gdocumentm.com\/de\/wp-json\/wp\/v2\/users\/3"}],"replies":[{"embeddable":true,"href":"https:\/\/gdocumentm.com\/de\/wp-json\/wp\/v2\/comments?post=957"}],"version-history":[{"count":0,"href":"https:\/\/gdocumentm.com\/de\/wp-json\/wp\/v2\/pages\/957\/revisions"}],"wp:attachment":[{"href":"https:\/\/gdocumentm.com\/de\/wp-json\/wp\/v2\/media?parent=957"}],"curies":[{"name":"wp","href":"https:\/\/api.w.org\/{rel}","templated":true}]}}