{"id":812,"date":"2023-10-24T17:46:56","date_gmt":"2023-10-24T15:46:56","guid":{"rendered":"https:\/\/gdocumentm.com\/antrag-auf-legalisierung-von-dokumenten\/"},"modified":"2023-10-24T17:46:56","modified_gmt":"2023-10-24T15:46:56","slug":"antrag-auf-legalisierung-von-dokumenten","status":"publish","type":"page","link":"https:\/\/gdocumentm.com\/de\/antrag-auf-legalisierung-von-dokumenten\/","title":{"rendered":"Antrag auf Legalisierung von Dokumenten"},"content":{"rendered":"<div><img fetchpriority=\"high\" decoding=\"async\" class=\"alignnone wp-image-734\" src=\"https:\/\/gdocumentm.com\/wp-content\/uploads\/2023\/11\/document-428331_640-300x200.jpg\" alt=\"\" width=\"410\" height=\"273\"><\/div>\n<div><\/div>\n<div class=\"col-md-12\"><span style=\"font-size: 16px;\">Die Legalisierungsfrist h\u00e4ngt von der Arbeitsbelastung und den Zeiten der Verwaltung ab; der Tag, an dem wir die Unterlagen abholen m\u00fcssen, wird uns mitgeteilt.<\/span><\/div>\n<div class=\"col-md-12\">\n<form id=\"userForm\" class=\"formResponsive\" action=\"https:\/\/solicitarcertificado.com\/certificados\/solicitud-legalizacion-de-documentos-en-el-ministerio-asuntos-exteriores\" enctype=\"multipart\/form-data\" method=\"post\">\n<div class=\"col-md-12\">\n<p>Um uns die Unterlagen zuzusenden, bitten wir Sie, sich vorher zu informieren. Wir haben B\u00fcros in der ganzen Welt.<br \/>\n1. dem Formular Ihre DNI, NIE oder Ihren Reisepass beif\u00fcgen.<br \/>\n2. Bei Hochschulabschl\u00fcssen m\u00fcssen Sie uns die Originalabschl\u00fcsse zusenden.<br \/>\n3. Wenn m\u00f6glich, senden Sie uns bitte zusammen mit dem nachstehenden Formular die zu legalisierenden Dokumente, die f\u00fcr eine erste Untersuchung eingescannt werden sollen.<br \/>\n4. Die Kosten f\u00fcr die Legalisierung eines Dokuments h\u00e4ngen von mehreren Faktoren ab; Steuerrechnungen werden auf Anfrage zur Verf\u00fcgung gestellt.<br \/>\n5. F\u00fcr die Zahlung von Geb\u00fchren w\u00e4hlen Sie den Betrag ist ungef\u00e4hr oder bitten Sie uns, die ungef\u00e4hren Geb\u00fchren anzugeben. Sie erhalten von uns eine Quittung f\u00fcr die Geb\u00fchren.<\/p>\n<p>&nbsp;<\/p>\n<p>Im Zweifelsfall oder bei Unklarheiten k\u00f6nnen Sie eine E-Mail an folgende Adresse senden: <span id=\"cloak37090\"><br \/>\n  <a href=\"mailto:clientes@solicitarcertificado.com\">clientes@qdocumentm.com<\/a><br \/>\n<\/span><\/p>\n<\/div>\n<div class=\"col-md-12\"><\/div>\n<div class=\"col-md-12\">\n<h3>Antragsformular f\u00fcr die Legalisierung von Dokumenten<\/h3>\n<\/div>\n<\/form>\n<\/div>\n\n<div class=\"wpcf7 no-js\" id=\"wpcf7-f1299-o1\" lang=\"de-DE\" dir=\"ltr\">\n<div class=\"screen-reader-response\"><p role=\"status\" aria-live=\"polite\" aria-atomic=\"true\"><\/p> <ul><\/ul><\/div>\n<form action=\"\/de\/wp-json\/wp\/v2\/pages\/812#wpcf7-f1299-o1\" method=\"post\" class=\"wpcf7-form init\" aria-label=\"Kontaktformular\" novalidate=\"novalidate\" data-status=\"init\">\n<div style=\"display: none;\">\n<input type=\"hidden\" name=\"_wpcf7\" value=\"1299\" \/>\n<input type=\"hidden\" name=\"_wpcf7_version\" value=\"5.8.6\" \/>\n<input type=\"hidden\" name=\"_wpcf7_locale\" value=\"de_DE\" \/>\n<input type=\"hidden\" name=\"_wpcf7_unit_tag\" value=\"wpcf7-f1299-o1\" \/>\n<input type=\"hidden\" name=\"_wpcf7_container_post\" value=\"0\" \/>\n<input type=\"hidden\" name=\"_wpcf7_posted_data_hash\" value=\"\" \/>\n<input type=\"hidden\" name=\"_wpcf7_recaptcha_response\" value=\"\" \/>\n<\/div>\n<div>\n\t<p><label>Bitte f\u00fcgen Sie einen Scan bei, wenn Sie das angeforderte Dokument haben. Es ist sehr wichtig, dass Sie so viele Informationen wie m\u00f6glich angeben, um die Bescheinigung zu erhalten.<\/label><br \/>\n<span class=\"wpcf7-form-control-wrap\" data-name=\"archivo-subido\"><input size=\"40\" class=\"wpcf7-form-control wpcf7-drag-n-drop-file d-none\" aria-invalid=\"false\" type=\"file\" multiple=\"multiple\" data-name=\"archivo-subido\" data-min=\"0\" data-max=\"3\" data-id=\"1299\" data-version=\"free version 1.3.7.5\" accept=\".\" \/><\/span>\n\t<\/p>\n<\/div>\n<div>\n\t<p><label>Land, in dem es pr\u00e4sentiert wird<\/label><br \/>\n<span class=\"wpcf7-form-control-wrap\" data-name=\"pais_presentara\"><input size=\"40\" class=\"wpcf7-form-control wpcf7-text\" aria-invalid=\"false\" value=\"\" type=\"text\" name=\"pais_presentara\" \/><\/span>\n\t<\/p>\n<\/div>\n<div>\n\t<p><label>Zweck der Bescheinigung<\/label><br \/>\n<span class=\"wpcf7-form-control-wrap\" data-name=\"finalidad\"><input size=\"40\" class=\"wpcf7-form-control wpcf7-text\" aria-invalid=\"false\" value=\"\" type=\"text\" name=\"finalidad\" \/><\/span>\n\t<\/p>\n<\/div>\n<div>\n\t<div>\n\t\t<p><label>Bemerkungen<\/label><br \/>\n<span class=\"wpcf7-form-control-wrap\" data-name=\"mobservaciones\"><input size=\"40\" class=\"wpcf7-form-control wpcf7-text\" aria-invalid=\"false\" value=\"\" type=\"text\" name=\"mobservaciones\" \/><\/span>\n\t\t<\/p>\n\t<\/div>\n\t<h5>Orte, die Sie legalisieren m\u00f6chten\n\t<\/h5>\n<\/div>\n<div>\n\t<p><label>Botschaft oder Konsulat:<\/label><br \/>\n<span class=\"wpcf7-form-control-wrap embajado_consulado\"><select class=\"wpcf7-form-control wpcf7-select_custom\" aria-invalid=\"false\" name=\"embajado_consulado\"><option value=\"0\">seleccione<\/option><option value=\"60\">1 documento - 60.00 EUR<\/option><option value=\"70\">2 documentos - 70.00 EUR<\/option><option value=\"80\">3 documentos - 80.00 EUR<\/option><option value=\"90\">4 documentos - 90.00 EUR<\/option><\/select><\/span>\n\t<\/p>\n<\/div>\n<div>\n\t<p><label>Bereitstellung von Mitteln f\u00fcr Botschafts- oder Konsulatsgeb\u00fchren:<\/label><br \/>\n<span class=\"wpcf7-form-control-wrap proviciondefondos2\"><select class=\"wpcf7-form-control wpcf7-select_custom\" aria-invalid=\"false\" name=\"proviciondefondos2\"><option value=\"0\">seleccione<\/option><option value=\"110\">1 documento - 110.00 EUR<\/option><option value=\"190\">2 documentos - 190.00 EUR<\/option><option value=\"270\">3 documentos - 270.00 EUR<\/option><option value=\"350\">4 documentos - 350.00 EUR<\/option><\/select><\/span>\n\t<\/p>\n<\/div>\n<div>\n\t<p><label>Vereinigung der Notare :<\/label><br \/>\n<span class=\"wpcf7-form-control-wrap colegio_notarios\"><select class=\"wpcf7-form-control wpcf7-select_custom\" aria-invalid=\"false\" name=\"colegio_notarios\"><option value=\"0\">seleccione<\/option><option value=\"60\">1 documento - 60.00 EUR<\/option><option value=\"70\">2 documentos - 70.00 EUR<\/option><option value=\"80\">3 documentos - 80.00 EUR<\/option><option value=\"90\">4 documentos - 90.00 EUR<\/option><\/select><\/span>\n\t<\/p>\n<\/div>\n<div>\n\t<p><label>Ministerium f\u00fcr Justiz<\/label><br \/>\n<span class=\"wpcf7-form-control-wrap ministerio_justicia\"><select class=\"wpcf7-form-control wpcf7-select_custom\" aria-invalid=\"false\" name=\"ministerio_justicia\"><option value=\"0\">seleccione<\/option><option value=\"60\">1 documento - 60.00 EUR<\/option><option value=\"70\">2 documentos - 70.00 EUR<\/option><option value=\"80\">3 documentos - 80.00 EUR<\/option><option value=\"90\">4 documentos - 90.00 EUR<\/option><\/select><\/span>\n\t<\/p>\n<\/div>\n<div>\n\t<p><label>Ministerium f\u00fcr ausw\u00e4rtige Angelegenheiten<br \/>\n<\/label><br \/>\n<span class=\"wpcf7-form-control-wrap ministerio_exteriores\"><select class=\"wpcf7-form-control wpcf7-select_custom\" aria-invalid=\"false\" name=\"ministerio_exteriores\"><option value=\"0\">seleccione<\/option><option value=\"60\">1 documento - 60.00 EUR<\/option><option value=\"70\">2 documentos - 70.00 EUR<\/option><option value=\"80\">3 documentos - 80.00 EUR<\/option><option value=\"90\">4 documentos - 90.00 EUR<\/option><\/select><\/span>\n\t<\/p>\n<\/div>\n<div>\n\t<p><label>Universit\u00e4t (Bitte konsultieren Sie dieses Verfahren im Voraus)<\/label><br \/>\n<span class=\"wpcf7-form-control-wrap universidad_consular\"><select class=\"wpcf7-form-control wpcf7-select_custom\" aria-invalid=\"false\" name=\"universidad_consular\"><option value=\"0\">seleccione<\/option><option value=\"60\">1 documento - 60.00 EUR<\/option><option value=\"70\">2 documentos - 70.00 EUR<\/option><option value=\"80\">3 documentos - 80.00 EUR<\/option><option value=\"90\">4 documentos - 90.00 EUR<\/option><\/select><\/span>\n\t<\/p>\n<\/div>\n<div>\n\t<h5>Adresse f\u00fcr die Zusendung der Bescheinigung\n\t<\/h5>\n<\/div>\n<div>\n\t<p><label>Vorname und Nachname<\/label><br \/>\n<span class=\"wpcf7-form-control-wrap\" data-name=\"nombre-apellidos-envio\"><input size=\"40\" class=\"wpcf7-form-control wpcf7-text\" aria-invalid=\"false\" value=\"\" type=\"text\" name=\"nombre-apellidos-envio\" \/><\/span>\n\t<\/p>\n<\/div>\n<div>\n\t<p><label>Art der Stra\u00dfe<\/label><br \/>\n<span class=\"wpcf7-form-control-wrap\" data-name=\"tipo-via\"><input size=\"40\" class=\"wpcf7-form-control wpcf7-text\" aria-invalid=\"false\" value=\"\" type=\"text\" name=\"tipo-via\" \/><\/span>\n\t<\/p>\n<\/div>\n<div>\n\t<p><label>Art der Stra\u00dfe<\/label><br \/>\n<span class=\"wpcf7-form-control-wrap\" data-name=\"tipovia\"><select class=\"wpcf7-form-control wpcf7-select\" aria-invalid=\"false\" name=\"tipovia\"><option value=\"Calle\">Calle<\/option><option value=\"Plaza\">Plaza<\/option><option value=\"Avenida\">Avenida<\/option><option value=\"Carretera\">Carretera<\/option><\/select><\/span>\n\t<\/p>\n<\/div>\n<div>\n\t<p><label>Name der Stra\u00dfe<\/label><br \/>\n<span class=\"wpcf7-form-control-wrap\" data-name=\"nombre-via\"><input size=\"40\" class=\"wpcf7-form-control wpcf7-text\" aria-invalid=\"false\" value=\"\" type=\"text\" name=\"nombre-via\" \/><\/span>\n\t<\/p>\n<\/div>\n<div>\n\t<p><label>Anzahl oder Km<\/label><br \/>\n<span class=\"wpcf7-form-control-wrap\" data-name=\"numero-km\"><input size=\"40\" class=\"wpcf7-form-control wpcf7-text\" aria-invalid=\"false\" value=\"\" type=\"text\" name=\"numero-km\" \/><\/span>\n\t<\/p>\n<\/div>\n<div>\n\t<p><label>Zus\u00e4tzliche Lieferdaten (Treppe, Stockwerk, Urbanisation...)<\/label><br \/>\n<span class=\"wpcf7-form-control-wrap\" data-name=\"datos-adicionales\"><input size=\"40\" class=\"wpcf7-form-control wpcf7-text\" aria-invalid=\"false\" value=\"\" type=\"text\" name=\"datos-adicionales\" \/><\/span>\n\t<\/p>\n<\/div>\n<div>\n\t<p><label>Postleitzahl<\/label><br \/>\n<span class=\"wpcf7-form-control-wrap\" data-name=\"codigopostal\"><input size=\"40\" class=\"wpcf7-form-control wpcf7-text\" aria-invalid=\"false\" value=\"\" type=\"text\" name=\"codigopostal\" \/><\/span>\n\t<\/p>\n<\/div>\n<div>\n\t<p><label>Standort<\/label><br \/>\n<span class=\"wpcf7-form-control-wrap\" data-name=\"Localidad2\"><input size=\"40\" class=\"wpcf7-form-control wpcf7-text\" aria-invalid=\"false\" value=\"\" type=\"text\" name=\"Localidad2\" \/><\/span>\n\t<\/p>\n<\/div>\n<div>\n\t<p><label>Provinz<\/label><br \/>\n<span class=\"wpcf7-form-control-wrap\" data-name=\"provincia2\"><input size=\"40\" class=\"wpcf7-form-control wpcf7-text\" aria-invalid=\"false\" value=\"\" type=\"text\" name=\"provincia2\" \/><\/span>\n\t<\/p>\n<\/div>\n<div>\n\t<p><label>Land<\/label><br \/>\n<span class=\"wpcf7-form-control-wrap\" data-name=\"pais\"><input size=\"40\" class=\"wpcf7-form-control wpcf7-text\" aria-invalid=\"false\" value=\"\" type=\"text\" name=\"pais\" \/><\/span>\n\t<\/p>\n<\/div>\n<div>\n\t<p><label>E-Mail<\/label><br \/>\n<span class=\"wpcf7-form-control-wrap\" data-name=\"email\"><input size=\"40\" class=\"wpcf7-form-control wpcf7-email wpcf7-text wpcf7-validates-as-email\" aria-invalid=\"false\" value=\"\" type=\"email\" name=\"email\" \/><\/span>\n\t<\/p>\n<\/div>\n<div>\n\t<p><label>Telefon<\/label><br \/>\n<span class=\"wpcf7-form-control-wrap\" data-name=\"telefono\"><input size=\"40\" class=\"wpcf7-form-control wpcf7-text\" aria-invalid=\"false\" value=\"\" type=\"text\" name=\"telefono\" \/><\/span>\n\t<\/p>\n<\/div>\n<div>\n\t<p><label>Beglaubigte \u00dcbersetzung der Bescheinigung<\/label><br \/>\n<span class=\"wpcf7-form-control-wrap traduccion_jurada\"><select class=\"wpcf7-form-control wpcf7-select_custom\" aria-invalid=\"false\" name=\"traduccion_jurada\"><option value=\"0\">Seleccionar<\/option><option value=\"80\">1 copia - 80.00 EUR<\/option><option value=\"120\">2 copias - 120.00 EUR<\/option><option value=\"160\">3 copias - 160.00 EUR<\/option><\/select><\/span>\n\t<\/p>\n<\/div>\n<div>\n\t<p><label>Sprache<\/label><br \/>\n<span class=\"wpcf7-form-control-wrap\" data-name=\"traduccion_idioma\"><input size=\"40\" class=\"wpcf7-form-control wpcf7-text\" aria-invalid=\"false\" value=\"\" type=\"text\" name=\"traduccion_idioma\" \/><\/span>\n\t<\/p>\n<\/div>\n<div>\n\t<p><label>W\u00e4hlen Sie den Betrag f\u00fcr andere vertraglich vereinbarte oder zus\u00e4tzliche Dienstleistungen, die zuvor mit uns besprochen wurden.<\/label><br \/>\n<span class=\"wpcf7-form-control-wrap servicios_opcionales\"><select class=\"wpcf7-form-control wpcf7-select_custom\" aria-invalid=\"false\" name=\"servicios_opcionales\"><option value=\"0\">Opcional<\/option><option value=\"10\">10.00 EUR<\/option><option value=\"20\">20.00 EUR<\/option><option value=\"30\">30.00 EUR<\/option><option value=\"40\">40.00 EUR<\/option><option value=\"50\">50.00 EUR<\/option><option value=\"75\">75.00 EUR<\/option><option value=\"100\">100.00 EUR<\/option><option value=\"125\">125.00 EUR<\/option><option value=\"150\">150.00 EUR<\/option><option value=\"175\">175.00 EUR<\/option><option value=\"200\">200.00 EUR<\/option><\/select><\/span>\n\t<\/p>\n<\/div>\n<div>\n\t<p><label>Insgesamt<\/label><br \/>\n<span class=\" wpcf7-form-control-wrap calculadora-total-eur\"><input data-number=\"0\" size=\"40\" class=\"wpcf7-form-control wpcf7-calculated wpcf7-total number-format ctf7-total\" data-a-sign=\"\u20ac\" data-a-sep=\",\" data-a-dec=\".\" data-p-sign=\"s\" readonly=\"readonly\" aria-invalid=\"false\" value=\"0\" type=\"text\" name=\"calculadora-total-eur\" data-formulas=\"embajado_consulado + proviciondefondos2 + colegio_notarios + ministerio_justicia + ministerio_exteriores + universidad_consular + traduccion_jurada + servicios_opcionales\" \/><\/span>\n\t<\/p>\n<\/div>\n<div>\n\t<p><label>21% Mehrwertsteuer werden zu den Gesamtkosten hinzugerechnet<\/label><br \/>\n<span class=\" wpcf7-form-control-wrap IVA-21\"><input data-number=\"0\" size=\"40\" class=\"wpcf7-form-control wpcf7-calculated wpcf7-total ctf7-total\" readonly=\"readonly\" aria-invalid=\"false\" value=\"0\" type=\"text\" name=\"IVA-21\" data-formulas=\"((embajado_consulado + proviciondefondos2 + colegio_notarios + ministerio_justicia + ministerio_exteriores + universidad_consular + traduccion_jurada + servicios_opcionales)*21)\/100\" \/><\/span><br \/>\n<span class=\" wpcf7-form-control-wrap calculadora-total\"><input data-number=\"0\" size=\"40\" class=\"wpcf7-form-control wpcf7-calculated wpcf7-total cf7-hide ctf7-total\" readonly=\"readonly\" aria-invalid=\"false\" value=\"0\" type=\"text\" name=\"calculadora-total\" data-formulas=\"embajado_consulado + proviciondefondos2 + colegio_notarios + ministerio_justicia + ministerio_exteriores + universidad_consular + traduccion_jurada + servicios_opcionales\" \/><\/span><br \/>\n<span class=\" wpcf7-form-control-wrap costo-final\"><input data-number=\"0\" size=\"40\" class=\"wpcf7-form-control wpcf7-calculated wpcf7-total cf7-hide ctf7-total\" readonly=\"readonly\" aria-invalid=\"false\" value=\"0\" type=\"text\" name=\"costo-final\" data-formulas=\"calculadora-total-eur + IVA-21\" \/><\/span>\n\t<\/p>\n<\/div>\n<div class=\"nuevo\">\n\t<p><label> <\/label><br \/>\n<span class=\"wpcf7-form-control-wrap\" data-name=\"acceptance-388\"><span class=\"wpcf7-form-control wpcf7-acceptance\"><span class=\"wpcf7-list-item\"><label><input type=\"checkbox\" name=\"acceptance-388\" value=\"1\" class=\"xinput\" aria-invalid=\"false\" \/><span class=\"wpcf7-list-item-label\">Ich habe die <a href=\"https:\/\/gdocumentm.com\/proteccion-de-su-datos\/\">Datenschutzklausel<\/a> gelesen und akzeptiert.<\/span><\/label><\/span><\/span><\/span>\n\t<\/p>\n<\/div>\n<div class=\"enviar\">\n<span class=\"wpcf7-form-control-wrap recaptcha\" data-name=\"recaptcha\"><span data-sitekey=\"6LfSQWApAAAAAG9Mrze4VzZdOEdGvdldMC-kP3UZ\" class=\"wpcf7-form-control wpcf7-recaptcha g-recaptcha\"><\/span>\r\n<noscript>\r\n\t<div class=\"grecaptcha-noscript\">\r\n\t\t<iframe src=\"https:\/\/www.google.com\/recaptcha\/api\/fallback?k=6LfSQWApAAAAAG9Mrze4VzZdOEdGvdldMC-kP3UZ\" frameborder=\"0\" scrolling=\"no\" width=\"310\" height=\"430\">\r\n\t\t<\/iframe>\r\n\t\t<textarea name=\"g-recaptcha-response\" rows=\"3\" cols=\"40\" placeholder=\"reCaptcha Response Here\">\r\n\t\t<\/textarea>\r\n\t<\/div>\r\n<\/noscript>\r\n<\/span>\n\t<p><input class=\"wpcf7-form-control wpcf7-submit has-spinner\" type=\"submit\" value=\"Enviar\" \/>\n\t<\/p>\n<\/div><div class=\"wpcf7-response-output\" aria-hidden=\"true\"><\/div>\n<\/form>\n<\/div>\n\n","protected":false},"excerpt":{"rendered":"<p>Die Legalisierungsfrist h\u00e4ngt von der Arbeitsbelastung und den Zeiten der Verwaltung ab; der Tag, an dem wir die Unterlagen abholen m\u00fcssen, wird uns mitgeteilt. Um uns die Unterlagen zuzusenden, bitten wir Sie, sich vorher zu informieren. Wir haben B\u00fcros in der ganzen Welt. 1. dem Formular Ihre DNI, NIE oder Ihren Reisepass beif\u00fcgen. 2. Bei &hellip;<\/p>\n<p class=\"read-more\"> <a class=\"ast-button\" href=\"https:\/\/gdocumentm.com\/de\/antrag-auf-legalisierung-von-dokumenten\/\"> <span class=\"screen-reader-text\">Antrag auf Legalisierung von Dokumenten<\/span> Read More \u00bb<\/a><\/p>\n","protected":false},"author":3,"featured_media":0,"parent":0,"menu_order":0,"comment_status":"closed","ping_status":"closed","template":"","meta":{"site-sidebar-layout":"default","site-content-layout":"","ast-site-content-layout":"","site-content-style":"default","site-sidebar-style":"default","ast-global-header-display":"","ast-banner-title-visibility":"","ast-main-header-display":"","ast-hfb-above-header-display":"","ast-hfb-below-header-display":"","ast-hfb-mobile-header-display":"","site-post-title":"","ast-breadcrumbs-content":"","ast-featured-img":"","footer-sml-layout":"","theme-transparent-header-meta":"default","adv-header-id-meta":"","stick-header-meta":"default","header-above-stick-meta":"","header-main-stick-meta":"","header-below-stick-meta":"","astra-migrate-meta-layouts":"","ast-page-background-enabled":"default","ast-page-background-meta":{"desktop":{"background-color":"var(--ast-global-color-4)","background-image":"","background-repeat":"repeat","background-position":"center center","background-size":"auto","background-attachment":"scroll","background-type":"","background-media":"","overlay-type":"","overlay-color":"","overlay-gradient":""},"tablet":{"background-color":"","background-image":"","background-repeat":"repeat","background-position":"center center","background-size":"auto","background-attachment":"scroll","background-type":"","background-media":"","overlay-type":"","overlay-color":"","overlay-gradient":""},"mobile":{"background-color":"","background-image":"","background-repeat":"repeat","background-position":"center center","background-size":"auto","background-attachment":"scroll","background-type":"","background-media":"","overlay-type":"","overlay-color":"","overlay-gradient":""}},"ast-content-background-meta":{"desktop":{"background-color":"var(--ast-global-color-5)","background-image":"","background-repeat":"repeat","background-position":"center center","background-size":"auto","background-attachment":"scroll","background-type":"","background-media":"","overlay-type":"","overlay-color":"","overlay-gradient":""},"tablet":{"background-color":"var(--ast-global-color-5)","background-image":"","background-repeat":"repeat","background-position":"center center","background-size":"auto","background-attachment":"scroll","background-type":"","background-media":"","overlay-type":"","overlay-color":"","overlay-gradient":""},"mobile":{"background-color":"var(--ast-global-color-5)","background-image":"","background-repeat":"repeat","background-position":"center center","background-size":"auto","background-attachment":"scroll","background-type":"","background-media":"","overlay-type":"","overlay-color":"","overlay-gradient":""}},"footnotes":""},"class_list":["post-812","page","type-page","status-publish","hentry"],"_links":{"self":[{"href":"https:\/\/gdocumentm.com\/de\/wp-json\/wp\/v2\/pages\/812","targetHints":{"allow":["GET"]}}],"collection":[{"href":"https:\/\/gdocumentm.com\/de\/wp-json\/wp\/v2\/pages"}],"about":[{"href":"https:\/\/gdocumentm.com\/de\/wp-json\/wp\/v2\/types\/page"}],"author":[{"embeddable":true,"href":"https:\/\/gdocumentm.com\/de\/wp-json\/wp\/v2\/users\/3"}],"replies":[{"embeddable":true,"href":"https:\/\/gdocumentm.com\/de\/wp-json\/wp\/v2\/comments?post=812"}],"version-history":[{"count":0,"href":"https:\/\/gdocumentm.com\/de\/wp-json\/wp\/v2\/pages\/812\/revisions"}],"wp:attachment":[{"href":"https:\/\/gdocumentm.com\/de\/wp-json\/wp\/v2\/media?parent=812"}],"curies":[{"name":"wp","href":"https:\/\/api.w.org\/{rel}","templated":true}]}}