{"id":773,"date":"2023-10-24T17:44:45","date_gmt":"2023-10-24T15:44:45","guid":{"rendered":"https:\/\/gdocumentm.com\/heiratsurkunde\/"},"modified":"2023-10-24T17:44:45","modified_gmt":"2023-10-24T15:44:45","slug":"heiratsurkunde","status":"publish","type":"page","link":"https:\/\/gdocumentm.com\/de\/heiratsurkunde\/","title":{"rendered":"Heiratsurkunde"},"content":{"rendered":"<p><img fetchpriority=\"high\" decoding=\"async\" class=\"alignnone wp-image-741\" src=\"https:\/\/gdocumentm.com\/wp-content\/uploads\/2023\/11\/hand-5574694_640-300x200.jpg\" alt=\"\" width=\"416\" height=\"277\"><\/p>\n<p>In der Heiratsurkunde werden \u00c4nderungen wie Annullierungen, Trennungen und Scheidungen festgehalten.<\/p>\n<ol>\n<li>Die <strong>w\u00f6rtliche Heiratsurkunde<\/strong> ist eine Fotokopie der handschriftlichen Eintragung, mit den entsprechenden rechtsg\u00fcltigen Unterschriften und Stempeln.<\/li>\n<li>Der <strong>einfache Extrakt<\/strong> hat keine legale Verwendung.<\/li>\n<li>Das <strong>mehrsprachige Internationale<\/strong> wird verwendet, wenn es von einer ausl\u00e4ndischen Beh\u00f6rde, die Vertragspartei des Wiener \u00dcbereinkommens von 1961 ist, beantragt wird.<\/li>\n<\/ol>\n<p>Die Kosten f\u00fcr das Management belaufen sich auf 80 \u20ac plus Zuschl\u00e4ge, zuz\u00fcglich Mehrwertsteuer.<\/p>\n<p>Die Zeit, die f\u00fcr die Registrierung ben\u00f6tigt wird, h\u00e4ngt von jedem Land ab, wir bieten einen Service f\u00fcr die ganze Welt und aus der ganzen Welt, in Madrid dauert es ungef\u00e4hr 7 Tage.<\/p>\n<h3>Antragsformular f\u00fcr die Heiratsurkunde<\/h3>\n\n<div class=\"wpcf7 no-js\" id=\"wpcf7-f1293-o1\" lang=\"de-DE\" dir=\"ltr\">\n<div class=\"screen-reader-response\"><p role=\"status\" aria-live=\"polite\" aria-atomic=\"true\"><\/p> <ul><\/ul><\/div>\n<form action=\"\/de\/wp-json\/wp\/v2\/pages\/773#wpcf7-f1293-o1\" method=\"post\" class=\"wpcf7-form init\" aria-label=\"Kontaktformular\" novalidate=\"novalidate\" data-status=\"init\">\n<div style=\"display: none;\">\n<input type=\"hidden\" name=\"_wpcf7\" value=\"1293\" \/>\n<input type=\"hidden\" name=\"_wpcf7_version\" value=\"5.8.6\" \/>\n<input type=\"hidden\" name=\"_wpcf7_locale\" value=\"de_DE\" \/>\n<input type=\"hidden\" name=\"_wpcf7_unit_tag\" value=\"wpcf7-f1293-o1\" \/>\n<input type=\"hidden\" name=\"_wpcf7_container_post\" value=\"0\" \/>\n<input type=\"hidden\" name=\"_wpcf7_posted_data_hash\" value=\"\" \/>\n<input type=\"hidden\" name=\"_wpcf7_recaptcha_response\" value=\"\" \/>\n<\/div>\n<div>\n\t<p><label>Bitte f\u00fcgen Sie einen Scan bei, wenn Sie das angeforderte Dokument haben. Es ist sehr wichtig, dass Sie so viele Informationen wie m\u00f6glich angeben, um die Bescheinigung zu erhalten.<\/label><br \/>\n<span class=\"wpcf7-form-control-wrap\" data-name=\"archivo-subido\"><input size=\"40\" class=\"wpcf7-form-control wpcf7-drag-n-drop-file d-none\" aria-invalid=\"false\" type=\"file\" multiple=\"multiple\" data-name=\"archivo-subido\" data-min=\"0\" data-max=\"3\" data-id=\"1293\" data-version=\"free version 1.3.7.5\" accept=\".\" \/><\/span>\n\t<\/p>\n<\/div>\n<div>\n\t<p><label>Art der Bescheinigung<\/label><br \/>\n<span class=\"wpcf7-form-control-wrap\" data-name=\"tipodecertificado\"><span class=\"wpcf7-form-control wpcf7-radio\"><span class=\"wpcf7-list-item first\"><input type=\"radio\" name=\"tipodecertificado\" value=\"Literal\" checked=\"checked\" \/><span class=\"wpcf7-list-item-label\">Literal<\/span><\/span><span class=\"wpcf7-list-item last\"><input type=\"radio\" name=\"tipodecertificado\" value=\"Pluriling\u00fce\" \/><span class=\"wpcf7-list-item-label\">Pluriling\u00fce<\/span><\/span><\/span><\/span>\n\t<\/p>\n<\/div>\n<div>\n\t<p><label>Wenn Sie im Ausland geboren sind, geben Sie bitte den Ort und die Provinz an, in der Sie geboren sind:<\/label><br \/>\n<span class=\"wpcf7-form-control-wrap\" data-name=\"Localidadeextranjera\"><input size=\"40\" class=\"wpcf7-form-control wpcf7-text\" aria-invalid=\"false\" value=\"\" type=\"text\" name=\"Localidadeextranjera\" \/><\/span>\n\t<\/p>\n<\/div>\n<div>\n\t<p><label>Wenn Sie in Spanien geboren sind, w\u00e4hlen Sie Autonome Gemeinschaft<\/label><br \/>\n<span class=\"wpcf7-form-control-wrap\" data-name=\"comunidad\"><select class=\"wpcf7-form-control wpcf7-select\" aria-invalid=\"false\" name=\"comunidad\"><option value=\"Seleccionar\">Seleccionar<\/option><option value=\"Andaluc\u00eda\">Andaluc\u00eda<\/option><option value=\"Arag\u00f3n\">Arag\u00f3n<\/option><option value=\"Asturias Principado de\">Asturias Principado de<\/option><option value=\"Balears Illes\">Balears Illes<\/option><option value=\"Canarias\">Canarias<\/option><option value=\"Cantabria\">Cantabria<\/option><option value=\"Castilla y Le\u00f3n\">Castilla y Le\u00f3n<\/option><option value=\"Castilla - La Mancha\">Castilla - La Mancha<\/option><option value=\"Catalu\u00f1a\">Catalu\u00f1a<\/option><option value=\"Comunidad Valenciana&gt;\">Comunidad Valenciana&gt;<\/option><option value=\"Extremadura\">Extremadura<\/option><option value=\"Galicia\">Galicia<\/option><option value=\"Madrid Comunidad de\">Madrid Comunidad de<\/option><option value=\"Murcia Regi\u00f3n de\">Murcia Regi\u00f3n de<\/option><option value=\"Navarra. Comunidad Floral de\">Navarra. Comunidad Floral de<\/option><option value=\"Pa\u00eds Vasco\">Pa\u00eds Vasco<\/option><option value=\"Rojia, La\">Rojia, La<\/option><option value=\"Ceuta\">Ceuta<\/option><option value=\"Melilla\">Melilla<\/option><\/select><\/span>\n\t<\/p>\n<\/div>\n<div>\n\t<p><label>Provinz<\/label><br \/>\n<span class=\"wpcf7-form-control-wrap\" data-name=\"provincia\"><select class=\"wpcf7-form-control wpcf7-select\" aria-invalid=\"false\" name=\"provincia\"><option value=\"Seleccionar\">Seleccionar<\/option><option value=\"Almer\u00eda\">Almer\u00eda<\/option><option value=\"C\u00e1diz\">C\u00e1diz<\/option><option value=\"C\u00f3rdoba\">C\u00f3rdoba<\/option><option value=\"Granada\">Granada<\/option><option value=\"Huelva\">Huelva<\/option><option value=\"Ja\u00e9n\">Ja\u00e9n<\/option><option value=\"M\u00e1laga\">M\u00e1laga<\/option><option value=\"Sevilla\">Sevilla<\/option><option value=\"Huesca\">Huesca<\/option><option value=\"Teruel\">Teruel<\/option><option value=\"Zaragoza\">Zaragoza<\/option><option value=\"Asturias\">Asturias<\/option><option value=\"Baleares\">Baleares<\/option><option value=\"Las Palmas\">Las Palmas<\/option><option value=\"Santa Cruz de Tenerife\">Santa Cruz de Tenerife<\/option><option value=\"Cantabria\">Cantabria<\/option><option value=\"\u00c1vila\">\u00c1vila<\/option><option value=\"Burgos\">Burgos<\/option><option value=\"Le\u00f3n\">Le\u00f3n<\/option><option value=\"Palencia\">Palencia<\/option><option value=\"Salamanca\">Salamanca<\/option><option value=\"Segovia\">Segovia<\/option><option value=\"Soria\">Soria<\/option><option value=\"Valladolid\">Valladolid<\/option><option value=\"Zamora\">Zamora<\/option><option value=\"Albacete\">Albacete<\/option><option value=\"Ciudad Real\">Ciudad Real<\/option><option value=\"Cuenca\">Cuenca<\/option><option value=\"Guadalajara\">Guadalajara<\/option><option value=\"Toledo\">Toledo<\/option><option value=\"Barcelona\">Barcelona<\/option><option value=\"Girona\">Girona<\/option><option value=\"Lleida\">Lleida<\/option><option value=\"Tarragona\">Tarragona<\/option><option value=\"Alicante\">Alicante<\/option><option value=\"Castell\u00f3n\">Castell\u00f3n<\/option><option value=\"Valencia\">Valencia<\/option><option value=\"Badajoz\">Badajoz<\/option><option value=\"C\u00e1ceres\">C\u00e1ceres<\/option><option value=\"A coru\u00f1a\">A coru\u00f1a<\/option><option value=\"Lugo\">Lugo<\/option><option value=\"Ourense\">Ourense<\/option><option value=\"Pontevedra\">Pontevedra<\/option><option value=\"Madrid\">Madrid<\/option><option value=\"Murcia\">Murcia<\/option><option value=\"Navarra\">Navarra<\/option><option value=\"Araba\/\u00c1vala\">Araba\/\u00c1vala<\/option><option value=\"Bizkaia\">Bizkaia<\/option><option value=\"Gipuzkoa\">Gipuzkoa<\/option><option value=\"La Rioja\">La Rioja<\/option><option value=\"Ceuta\">Ceuta<\/option><option value=\"Melilla\">Melilla<\/option><\/select><\/span>\n\t<\/p>\n<\/div>\n<div>\n\t<p><label>Standort<\/label><br \/>\n<span class=\"wpcf7-form-control-wrap\" data-name=\"localidad\"><input size=\"40\" class=\"wpcf7-form-control wpcf7-text\" aria-invalid=\"false\" value=\"\" type=\"text\" name=\"localidad\" \/><\/span>\n\t<\/p>\n<\/div>\n<div>\n\t<p><label>Zweck der Bescheinigung<\/label><br \/>\n<span class=\"wpcf7-form-control-wrap\" data-name=\"finalidad\"><input size=\"40\" class=\"wpcf7-form-control wpcf7-text\" aria-invalid=\"false\" value=\"\" type=\"text\" name=\"finalidad\" \/><\/span>\n\t<\/p>\n<\/div>\n<div>\n\t<h5>Angaben zur Ehe, f\u00fcr die die Bescheinigung beantragt wird\n\t<\/h5>\n<\/div>\n<div>\n\t<p><label>Vor- und Nachname 1. Ehegatte<\/label><br \/>\n<span class=\"wpcf7-form-control-wrap\" data-name=\"apellido_conyuge1\"><input size=\"40\" class=\"wpcf7-form-control wpcf7-text\" aria-invalid=\"false\" value=\"\" type=\"text\" name=\"apellido_conyuge1\" \/><\/span>\n\t<\/p>\n<\/div>\n<div>\n\t<p><label>Vor- und Nachname 2. Ehegatte<\/label><br \/>\n<span class=\"wpcf7-form-control-wrap\" data-name=\"apellido_conyuge2\"><input size=\"40\" class=\"wpcf7-form-control wpcf7-text\" aria-invalid=\"false\" value=\"\" type=\"text\" name=\"apellido_conyuge2\" \/><\/span>\n\t<\/p>\n<\/div>\n<div>\n\t<p><label>Folio<\/label><br \/>\n<span class=\"wpcf7-form-control-wrap\" data-name=\"folio\"><input size=\"40\" class=\"wpcf7-form-control wpcf7-text\" aria-invalid=\"false\" value=\"\" type=\"text\" name=\"folio\" \/><\/span>\n\t<\/p>\n<\/div>\n<div>\n\t<p><label>Band<\/label><br \/>\n<span class=\"wpcf7-form-control-wrap\" data-name=\"tomo\"><input size=\"40\" class=\"wpcf7-form-control wpcf7-text\" aria-invalid=\"false\" value=\"\" type=\"text\" name=\"tomo\" \/><\/span>\n\t<\/p>\n<\/div>\n<div>\n\t<p><label>Datum der Eheschlie\u00dfung<\/label><br \/>\n<span class=\"wpcf7-form-control-wrap\" data-name=\"fecha-de-matrimonio\"><input size=\"40\" class=\"wpcf7-form-control wpcf7-text\" aria-invalid=\"false\" value=\"\" type=\"text\" name=\"fecha-de-matrimonio\" \/><\/span>\n\t<\/p>\n<\/div>\n<div>\n\t<p><label>Gemeinde der Registrierung<\/label><br \/>\n<span class=\"wpcf7-form-control-wrap\" data-name=\"municipio-descripcion\"><input size=\"40\" class=\"wpcf7-form-control wpcf7-text\" aria-invalid=\"false\" value=\"\" type=\"text\" name=\"municipio-descripcion\" \/><\/span>\n\t<\/p>\n<\/div>\n<div>\n\t<p><label>Datum der Eintragung der Eheschlie\u00dfung<\/label><br \/>\n<span class=\"wpcf7-form-control-wrap\" data-name=\"fecha_inscripcion_matrimonio\"><input size=\"40\" class=\"wpcf7-form-control wpcf7-text\" aria-invalid=\"false\" value=\"\" type=\"text\" name=\"fecha_inscripcion_matrimonio\" \/><\/span>\n\t<\/p>\n<\/div>\n<div>\n\t<p><label>Konsulat, wenn Sie sich im Ausland angemeldet haben<\/label><br \/>\n<span class=\"wpcf7-form-control-wrap\" data-name=\"fecha_inscripcion_matrimonio_extran\"><input size=\"40\" class=\"wpcf7-form-control wpcf7-text\" aria-invalid=\"false\" value=\"\" type=\"text\" name=\"fecha_inscripcion_matrimonio_extran\" \/><\/span>\n\t<\/p>\n<\/div>\n<div>\n\t<p><label>Art der Versendung der Bescheinigung<\/label><br \/>\n<span class=\"wpcf7-form-control-wrap envio_certificado\"><select class=\"wpcf7-form-control wpcf7-select_custom\" aria-invalid=\"false\" name=\"envio_certificado\"><option value=\"0\">Seleccionar<\/option><option value=\"10\">Correos Nacional Carta Certificada (entre 5 y 7 dias) - 10.00 EUR<\/option><option value=\"15\">Correos Nacional Carta Certificada Urgente entre 4 y 5 dias - 15.00 EUR<\/option><option value=\"20\">Correos Internacional Carta Certificada entre 15 y 20 dias - 20.00 EUR<\/option><option value=\"30\">Correos Internacional Carta Certificada Urgente entre 12 y 15 dias<\/option><option value=\"20\">Mensajeria Nacional MRW 2 dias.<\/option><option value=\"30\">Mensajeria Nacional MRW 1 dia. - 30.00 EUR<\/option><option value=\"40\">Mensajeria Internacional Europa entre 6 y 7 dias - 40.00 EUR<\/option><option value=\"60\">Mensajeria Internacional Todo el Mundo entre 8 y 9 dias - 60.00 EUR<\/option><option value=\"70\">Mensajeria Internacional  Europa Urgente entre 4 y 5 dias - 70.00 EUR<\/option><option value=\"100\">Mensajeria Internacional Todo el Mundo Urgente entre 6 y 7 dias - 100.00 EUR<\/option><\/select><\/span>\n\t<\/p>\n<\/div>\n<div>\n\t<p><label>Wie viele Bescheinigungen ben\u00f6tigen Sie, wenn Sie in Spanien geboren sind?<\/label><br \/>\n<span class=\"wpcf7-form-control-wrap cuantos_certificados\"><select class=\"wpcf7-form-control wpcf7-select_custom\" aria-invalid=\"false\" name=\"cuantos_certificados\"><option value=\"0\">Seleccionar<\/option><option value=\"30\">1 certificado - 30.00 EUR<\/option><option value=\"40\">2 certificados - 40.00 EUR<\/option><option value=\"50\">3 certificados - 50.00 EUR<\/option><\/select><\/span>\n\t<\/p>\n<\/div>\n<div>\n\t<p><label>Wie viele Bescheinigungen ben\u00f6tigen Sie, wenn Sie im Ausland geboren sind?<\/label><br \/>\n<span class=\"wpcf7-form-control-wrap cuanto_c_extra\"><select class=\"wpcf7-form-control wpcf7-select_custom\" aria-invalid=\"false\" name=\"cuanto_c_extra\"><option value=\"0\">Seleccionar<\/option><option value=\"50\">1 certificado - 50.00 EUR<\/option><option value=\"70\">2 certificados - 70.00 EUR<\/option><option value=\"90\">3 certificados - 90.00 EUR<\/option><\/select><\/span>\n\t<\/p>\n<\/div>\n<div>\n\t<p><label>Apostille<\/label><br \/>\n<span class=\"wpcf7-form-control-wrap apostillar\"><select class=\"wpcf7-form-control wpcf7-select_custom\" aria-invalid=\"false\" name=\"apostillar\"><option value=\"0\">Seleccionar<\/option><option value=\"20\">1 certificado - 20.00 EUR<\/option><option value=\"35\">2 certificados - 35.00 EUR<\/option><option value=\"40\">3 certificados - 40.00 EUR<\/option><\/select><\/span>\n\t<\/p>\n<\/div>\n<div>\n\t<p><label>Legalisieren in MAEC<\/label><br \/>\n<span class=\"wpcf7-form-control-wrap legalizar_maec\"><select class=\"wpcf7-form-control wpcf7-select_custom\" aria-invalid=\"false\" name=\"legalizar_maec\"><option value=\"0\">Seleccionar<\/option><option value=\"50\">1 certificado - 50.00 EUR<\/option><option value=\"90\">2 certificados - 90.00 EUR<\/option><option value=\"120\">3 certificados - 120.00 EUR<\/option><\/select><\/span>\n\t<\/p>\n<\/div>\n<div>\n\t<p><label>Land der Einreichung<\/label><br \/>\n<span class=\"wpcf7-form-control-wrap\" data-name=\"pais_donde\"><input size=\"40\" class=\"wpcf7-form-control wpcf7-text\" aria-invalid=\"false\" value=\"\" type=\"text\" name=\"pais_donde\" \/><\/span>\n\t<\/p>\n<\/div>\n<div>\n\t<p><label>Bemerkungen<\/label><br \/>\n<span class=\"wpcf7-form-control-wrap\" data-name=\"observaciones\"><input size=\"40\" class=\"wpcf7-form-control wpcf7-text\" aria-invalid=\"false\" value=\"\" type=\"text\" name=\"observaciones\" \/><\/span>\n\t<\/p>\n<\/div>\n<div>\n\t<p><label>Beglaubigte \u00dcbersetzung der Bescheinigung<\/label><br \/>\n<span class=\"wpcf7-form-control-wrap traduccion_jurada\"><select class=\"wpcf7-form-control wpcf7-select_custom\" aria-invalid=\"false\" name=\"traduccion_jurada\"><option value=\"0\">Seleccionar<\/option><option value=\"80\">1 copia - 80.00 EUR<\/option><option value=\"120\">2 copias - 120.00 EUR<\/option><option value=\"160\">3 copias - 160.00 EUR<\/option><\/select><\/span>\n\t<\/p>\n<\/div>\n<div>\n\t<p><label>Sprache<\/label><br \/>\n<span class=\"wpcf7-form-control-wrap\" data-name=\"traduccion_idioma\"><input size=\"40\" class=\"wpcf7-form-control wpcf7-text\" aria-invalid=\"false\" value=\"\" type=\"text\" name=\"traduccion_idioma\" \/><\/span>\n\t<\/p>\n<\/div>\n<div>\n\t<p><label>W\u00e4hlen Sie den Betrag f\u00fcr andere vertraglich vereinbarte oder zus\u00e4tzliche Dienstleistungen, die zuvor mit uns besprochen wurden.<\/label><br \/>\n<span class=\"wpcf7-form-control-wrap servicios_opcionales\"><select class=\"wpcf7-form-control wpcf7-select_custom\" aria-invalid=\"false\" name=\"servicios_opcionales\"><option value=\"0\">Opcional<\/option><option value=\"10\">10.00 EUR<\/option><option value=\"20\">20.00 EUR<\/option><option value=\"30\">30.00 EUR<\/option><option value=\"40\">40.00 EUR<\/option><option value=\"50\">50.00 EUR<\/option><option value=\"75\">75.00 EUR<\/option><option value=\"100\">100.00 EUR<\/option><option value=\"125\">125.00 EUR<\/option><option value=\"150\">150.00 EUR<\/option><option value=\"175\">175.00 EUR<\/option><option value=\"200\">200.00 EUR<\/option><\/select><\/span>\n\t<\/p>\n<\/div>\n<div>\n\t<p><label>Insgesamt<\/label><br \/>\n<span class=\" wpcf7-form-control-wrap calculadora-total-eur\"><input data-number=\"0\" size=\"40\" class=\"wpcf7-form-control wpcf7-calculated wpcf7-total number-format ctf7-total\" data-a-sign=\"\u20ac\" data-a-sep=\",\" data-a-dec=\".\" data-p-sign=\"s\" readonly=\"readonly\" aria-invalid=\"false\" value=\"0\" type=\"text\" name=\"calculadora-total-eur\" data-formulas=\"envio_certificado + cuantos_certificados + cuanto_c_extra + apostillar + legalizar_maec + traduccion_jurada + servicios_opcionales\" \/><\/span>\n\t<\/p>\n<\/div>\n<div>\n\t<p><label>21% Mehrwertsteuer werden zu den Gesamtkosten hinzugerechnet<\/label><br \/>\n<span class=\" wpcf7-form-control-wrap IVA-21\"><input data-number=\"0\" size=\"40\" class=\"wpcf7-form-control wpcf7-calculated wpcf7-total ctf7-total\" readonly=\"readonly\" aria-invalid=\"false\" value=\"0\" type=\"text\" name=\"IVA-21\" data-formulas=\"((envio_certificado + cuantos_certificados + cuanto_c_extra + apostillar + legalizar_maec + traduccion_jurada + servicios_opcionales)*21)\/100\" \/><\/span><br \/>\n<span class=\" wpcf7-form-control-wrap calculadora-total\"><input data-number=\"0\" size=\"40\" class=\"wpcf7-form-control wpcf7-calculated wpcf7-total cf7-hide ctf7-total\" readonly=\"readonly\" aria-invalid=\"false\" value=\"0\" type=\"text\" name=\"calculadora-total\" data-formulas=\"envio_certificado + cuantos_certificados + cuanto_c_extra + apostillar + legalizar_maec + traduccion_jurada + servicios_opcionales\" \/><\/span><br \/>\n<span class=\" wpcf7-form-control-wrap costo-final\"><input data-number=\"0\" size=\"40\" class=\"wpcf7-form-control wpcf7-calculated wpcf7-total cf7-hide ctf7-total\" readonly=\"readonly\" aria-invalid=\"false\" value=\"0\" type=\"text\" name=\"costo-final\" data-formulas=\"calculadora-total-eur + IVA-21\" \/><\/span>\n\t<\/p>\n<\/div>\n<div class=\"nuevo\">\n\t<p><label> <\/label><br \/>\n<span class=\"wpcf7-form-control-wrap\" data-name=\"acceptance-388\"><span class=\"wpcf7-form-control wpcf7-acceptance\"><span class=\"wpcf7-list-item\"><label><input type=\"checkbox\" name=\"acceptance-388\" value=\"1\" class=\"xinput\" aria-invalid=\"false\" \/><span class=\"wpcf7-list-item-label\">Ich habe die <a href=\"https:\/\/gdocumentm.com\/proteccion-de-su-datos\/\">Datenschutzklausel<\/a> gelesen und akzeptiert.<\/span><\/label><\/span><\/span><\/span>\n\t<\/p>\n<\/div>\n<div class=\"enviar\">\n<span class=\"wpcf7-form-control-wrap recaptcha\" data-name=\"recaptcha\"><span data-sitekey=\"6LfSQWApAAAAAG9Mrze4VzZdOEdGvdldMC-kP3UZ\" class=\"wpcf7-form-control wpcf7-recaptcha g-recaptcha\"><\/span>\r\n<noscript>\r\n\t<div class=\"grecaptcha-noscript\">\r\n\t\t<iframe src=\"https:\/\/www.google.com\/recaptcha\/api\/fallback?k=6LfSQWApAAAAAG9Mrze4VzZdOEdGvdldMC-kP3UZ\" frameborder=\"0\" scrolling=\"no\" width=\"310\" height=\"430\">\r\n\t\t<\/iframe>\r\n\t\t<textarea name=\"g-recaptcha-response\" rows=\"3\" cols=\"40\" placeholder=\"reCaptcha Response Here\">\r\n\t\t<\/textarea>\r\n\t<\/div>\r\n<\/noscript>\r\n<\/span>\n\t<p><input class=\"wpcf7-form-control wpcf7-submit has-spinner\" type=\"submit\" value=\"Enviar\" \/>\n\t<\/p>\n<\/div><div class=\"wpcf7-response-output\" aria-hidden=\"true\"><\/div>\n<\/form>\n<\/div>\n\n","protected":false},"excerpt":{"rendered":"<p>In der Heiratsurkunde werden \u00c4nderungen wie Annullierungen, Trennungen und Scheidungen festgehalten. Die w\u00f6rtliche Heiratsurkunde ist eine Fotokopie der handschriftlichen Eintragung, mit den entsprechenden rechtsg\u00fcltigen Unterschriften und Stempeln. Der einfache Extrakt hat keine legale Verwendung. Das mehrsprachige Internationale wird verwendet, wenn es von einer ausl\u00e4ndischen Beh\u00f6rde, die Vertragspartei des Wiener \u00dcbereinkommens von 1961 ist, beantragt wird. &hellip;<\/p>\n<p class=\"read-more\"> <a class=\"ast-button\" href=\"https:\/\/gdocumentm.com\/de\/heiratsurkunde\/\"> <span class=\"screen-reader-text\">Heiratsurkunde<\/span> Read More \u00bb<\/a><\/p>\n","protected":false},"author":3,"featured_media":0,"parent":0,"menu_order":0,"comment_status":"closed","ping_status":"closed","template":"","meta":{"site-sidebar-layout":"default","site-content-layout":"","ast-site-content-layout":"","site-content-style":"default","site-sidebar-style":"default","ast-global-header-display":"","ast-banner-title-visibility":"","ast-main-header-display":"","ast-hfb-above-header-display":"","ast-hfb-below-header-display":"","ast-hfb-mobile-header-display":"","site-post-title":"","ast-breadcrumbs-content":"","ast-featured-img":"","footer-sml-layout":"","theme-transparent-header-meta":"default","adv-header-id-meta":"","stick-header-meta":"default","header-above-stick-meta":"","header-main-stick-meta":"","header-below-stick-meta":"","astra-migrate-meta-layouts":"","ast-page-background-enabled":"default","ast-page-background-meta":{"desktop":{"background-color":"var(--ast-global-color-4)","background-image":"","background-repeat":"repeat","background-position":"center center","background-size":"auto","background-attachment":"scroll","background-type":"","background-media":"","overlay-type":"","overlay-color":"","overlay-gradient":""},"tablet":{"background-color":"","background-image":"","background-repeat":"repeat","background-position":"center center","background-size":"auto","background-attachment":"scroll","background-type":"","background-media":"","overlay-type":"","overlay-color":"","overlay-gradient":""},"mobile":{"background-color":"","background-image":"","background-repeat":"repeat","background-position":"center center","background-size":"auto","background-attachment":"scroll","background-type":"","background-media":"","overlay-type":"","overlay-color":"","overlay-gradient":""}},"ast-content-background-meta":{"desktop":{"background-color":"var(--ast-global-color-5)","background-image":"","background-repeat":"repeat","background-position":"center center","background-size":"auto","background-attachment":"scroll","background-type":"","background-media":"","overlay-type":"","overlay-color":"","overlay-gradient":""},"tablet":{"background-color":"var(--ast-global-color-5)","background-image":"","background-repeat":"repeat","background-position":"center center","background-size":"auto","background-attachment":"scroll","background-type":"","background-media":"","overlay-type":"","overlay-color":"","overlay-gradient":""},"mobile":{"background-color":"var(--ast-global-color-5)","background-image":"","background-repeat":"repeat","background-position":"center center","background-size":"auto","background-attachment":"scroll","background-type":"","background-media":"","overlay-type":"","overlay-color":"","overlay-gradient":""}},"footnotes":""},"class_list":["post-773","page","type-page","status-publish","hentry"],"_links":{"self":[{"href":"https:\/\/gdocumentm.com\/de\/wp-json\/wp\/v2\/pages\/773","targetHints":{"allow":["GET"]}}],"collection":[{"href":"https:\/\/gdocumentm.com\/de\/wp-json\/wp\/v2\/pages"}],"about":[{"href":"https:\/\/gdocumentm.com\/de\/wp-json\/wp\/v2\/types\/page"}],"author":[{"embeddable":true,"href":"https:\/\/gdocumentm.com\/de\/wp-json\/wp\/v2\/users\/3"}],"replies":[{"embeddable":true,"href":"https:\/\/gdocumentm.com\/de\/wp-json\/wp\/v2\/comments?post=773"}],"version-history":[{"count":0,"href":"https:\/\/gdocumentm.com\/de\/wp-json\/wp\/v2\/pages\/773\/revisions"}],"wp:attachment":[{"href":"https:\/\/gdocumentm.com\/de\/wp-json\/wp\/v2\/media?parent=773"}],"curies":[{"name":"wp","href":"https:\/\/api.w.org\/{rel}","templated":true}]}}