{"id":1109,"date":"2023-10-24T17:47:25","date_gmt":"2023-10-24T15:47:25","guid":{"rendered":"https:\/\/gdocumentm.com\/legalisierung-von-dokumenten\/"},"modified":"2023-10-24T17:47:25","modified_gmt":"2023-10-24T15:47:25","slug":"legalisierung-von-dokumenten","status":"publish","type":"page","link":"https:\/\/gdocumentm.com\/de\/legalisierung-von-dokumenten\/","title":{"rendered":"Legalisierung von Dokumenten"},"content":{"rendered":"<p><img fetchpriority=\"high\" decoding=\"async\" class=\"alignnone wp-image-730\" src=\"https:\/\/gdocumentm.com\/wp-content\/uploads\/2023\/11\/laptop-3196481_640-300x200.jpg\" alt=\"\" width=\"420\" height=\"280\"><\/p>\n<p>Wenn Sie<strong> Dokumente<\/strong> aus einem anderen Land f\u00fcr die Verwendung in Spanien<strong> legalisieren<\/strong> m\u00f6chten, sollten Sie die folgenden Schritte befolgen, wobei Sie bedenken sollten, dass in manchen F\u00e4llen eine vorherige Legalisierung durch andere offizielle Stellen erforderlich ist.<\/p>\n<p>Es ist zu beachten, dass die L\u00e4nder nicht zur Gruppe des <a href=\"https:\/\/solicitarcertificado.com\/blog\/item\/95-legalizacion-unica-o-apostilla-de-la-haya\" target=\"_blank\" rel=\"alternate noopener\">Haager Apostille-\u00dcbereinkommens<\/a> geh\u00f6ren.<\/p>\n<ol>\n<li>Bitte kontaktieren Sie uns \u00fcber das Kontaktformular, wir antworten schnell auf Nachrichten.<\/li>\n<\/ol>\n<p>Sie k\u00f6nnen bei uns nachfragen, wie lange es f\u00fcr bestimmte Dokumente dauert.<\/p>\n<p>Wir ben\u00f6tigen den Inhaber und die Kontaktdaten.<\/p>\n<ol start=\"2\">\n<li>Schicken Sie uns die Dokumente.<\/li>\n<\/ol>\n<p>Die Originale der Unterlagen zusammen mit der <strong>Genehmigung und einer Kopie Ihres Personalausweises<\/strong> oder Reisepasses mit Ihrer Unterschrift und, wenn m\u00f6glich, einem Blatt mit Ihren pers\u00f6nlichen Daten und einer Postanschrift f\u00fcr die R\u00fccksendung.<\/p>\n<p><em>Wir werden das Verfahren einleiten, sobald wir diese Informationen erhalten.<\/em><\/p>\n<ol start=\"3\">\n<li>Nach fr\u00fcheren Legalisierungen.<\/li>\n<\/ol>\n<p>Die Beglaubigung des Dokuments wird noch am selben Tag beantragt.<\/p>\n<ol start=\"4\">\n<li>R\u00fcckgabe des Dokuments.<\/li>\n<\/ol>\n<p>Wenn die Legalisierung abgeschlossen ist, wird das Dokument an den Inhaber zur\u00fcckgeschickt, der es innerhalb eines Tages erh\u00e4lt.<\/p>\n<p>Die Legalisierung dauert in der Regel etwa 2-3 Arbeitstage.<\/p>\n<table width=\"521\">\n<thead>\n<tr>\n<th width=\"70%\">FR\u00dcHERE RECHTSAKTE<\/th>\n<th width=\"30%\"><\/th>\n<\/tr>\n<\/thead>\n<tbody>\n<tr>\n<td>Oberster Gerichtshof. de Justicia Madrid<\/td>\n<td>20,00 \u20ac<\/td>\n<\/tr>\n<tr>\n<td>Oberster Gerichtshof. der Justiz in anderen Autonomen Gemeinschaften<\/td>\n<td>20,00 \u20ac + Versand &amp; Bearbeitung<\/td>\n<\/tr>\n<tr>\n<td>Ministerium f\u00fcr Justiz<\/td>\n<td>20,00 \u20ac<\/td>\n<\/tr>\n<tr>\n<td>Nocken. des Handels in Madrid<\/td>\n<td>20,00 \u20ac<\/td>\n<\/tr>\n<tr>\n<td>Rat der Handelskammern<\/td>\n<td>20,00 \u20ac<\/td>\n<\/tr>\n<tr>\n<td>Ministerium f\u00fcr Bildung und Wissenschaft<\/td>\n<td>20,00 \u20ac<\/td>\n<\/tr>\n<tr>\n<td>Andere Ministerien und Agenturen<\/td>\n<td>Preisanfrage<\/td>\n<\/tr>\n<tr>\n<td>Legalisierung nachfolgender konsularischer Dokumente<\/td>\n<td>50,00 \u20ac<\/td>\n<\/tr>\n<tr>\n<td>Vereinigung der Notare in Madrid<\/td>\n<td>20,00 \u20ac + Zuschl\u00e4ge<\/td>\n<\/tr>\n<tr>\n<td>Ersetzt durch das Notariatskollegium innerhalb von 3 Arbeitstagen<\/td>\n<td>14,00 \u20ac<\/td>\n<\/tr>\n<tr>\n<td>Ersetztes Notariatskollegium Dringend. Innerhalb von 24 Stunden<\/td>\n<td>35,00 \u20ac<\/td>\n<\/tr>\n<\/tbody>\n<\/table>\n<p>&nbsp;<\/p>\n","protected":false},"excerpt":{"rendered":"<p>Wenn Sie Dokumente aus einem anderen Land f\u00fcr die Verwendung in Spanien legalisieren m\u00f6chten, sollten Sie die folgenden Schritte befolgen, wobei Sie bedenken sollten, dass in manchen F\u00e4llen eine vorherige Legalisierung durch andere offizielle Stellen erforderlich ist. Es ist zu beachten, dass die L\u00e4nder nicht zur Gruppe des Haager Apostille-\u00dcbereinkommens geh\u00f6ren. Bitte kontaktieren Sie uns &hellip;<\/p>\n<p class=\"read-more\"> <a class=\"ast-button\" href=\"https:\/\/gdocumentm.com\/de\/legalisierung-von-dokumenten\/\"> <span class=\"screen-reader-text\">Legalisierung von Dokumenten<\/span> Read More \u00bb<\/a><\/p>\n","protected":false},"author":3,"featured_media":0,"parent":0,"menu_order":0,"comment_status":"closed","ping_status":"closed","template":"","meta":{"site-sidebar-layout":"default","site-content-layout":"","ast-site-content-layout":"","site-content-style":"default","site-sidebar-style":"default","ast-global-header-display":"","ast-banner-title-visibility":"","ast-main-header-display":"","ast-hfb-above-header-display":"","ast-hfb-below-header-display":"","ast-hfb-mobile-header-display":"","site-post-title":"","ast-breadcrumbs-content":"","ast-featured-img":"","footer-sml-layout":"","theme-transparent-header-meta":"default","adv-header-id-meta":"","stick-header-meta":"default","header-above-stick-meta":"","header-main-stick-meta":"","header-below-stick-meta":"","astra-migrate-meta-layouts":"","ast-page-background-enabled":"default","ast-page-background-meta":{"desktop":{"background-color":"var(--ast-global-color-4)","background-image":"","background-repeat":"repeat","background-position":"center center","background-size":"auto","background-attachment":"scroll","background-type":"","background-media":"","overlay-type":"","overlay-color":"","overlay-gradient":""},"tablet":{"background-color":"","background-image":"","background-repeat":"repeat","background-position":"center center","background-size":"auto","background-attachment":"scroll","background-type":"","background-media":"","overlay-type":"","overlay-color":"","overlay-gradient":""},"mobile":{"background-color":"","background-image":"","background-repeat":"repeat","background-position":"center center","background-size":"auto","background-attachment":"scroll","background-type":"","background-media":"","overlay-type":"","overlay-color":"","overlay-gradient":""}},"ast-content-background-meta":{"desktop":{"background-color":"var(--ast-global-color-5)","background-image":"","background-repeat":"repeat","background-position":"center center","background-size":"auto","background-attachment":"scroll","background-type":"","background-media":"","overlay-type":"","overlay-color":"","overlay-gradient":""},"tablet":{"background-color":"var(--ast-global-color-5)","background-image":"","background-repeat":"repeat","background-position":"center center","background-size":"auto","background-attachment":"scroll","background-type":"","background-media":"","overlay-type":"","overlay-color":"","overlay-gradient":""},"mobile":{"background-color":"var(--ast-global-color-5)","background-image":"","background-repeat":"repeat","background-position":"center center","background-size":"auto","background-attachment":"scroll","background-type":"","background-media":"","overlay-type":"","overlay-color":"","overlay-gradient":""}},"footnotes":""},"class_list":["post-1109","page","type-page","status-publish","hentry"],"_links":{"self":[{"href":"https:\/\/gdocumentm.com\/de\/wp-json\/wp\/v2\/pages\/1109","targetHints":{"allow":["GET"]}}],"collection":[{"href":"https:\/\/gdocumentm.com\/de\/wp-json\/wp\/v2\/pages"}],"about":[{"href":"https:\/\/gdocumentm.com\/de\/wp-json\/wp\/v2\/types\/page"}],"author":[{"embeddable":true,"href":"https:\/\/gdocumentm.com\/de\/wp-json\/wp\/v2\/users\/3"}],"replies":[{"embeddable":true,"href":"https:\/\/gdocumentm.com\/de\/wp-json\/wp\/v2\/comments?post=1109"}],"version-history":[{"count":0,"href":"https:\/\/gdocumentm.com\/de\/wp-json\/wp\/v2\/pages\/1109\/revisions"}],"wp:attachment":[{"href":"https:\/\/gdocumentm.com\/de\/wp-json\/wp\/v2\/media?parent=1109"}],"curies":[{"name":"wp","href":"https:\/\/api.w.org\/{rel}","templated":true}]}}